{"id":936,"date":"2025-06-12T18:25:07","date_gmt":"2025-06-12T18:25:07","guid":{"rendered":"https:\/\/mezozombor.hu\/?page_id=936"},"modified":"2025-06-12T18:25:07","modified_gmt":"2025-06-12T18:25:07","slug":"mezozombor-kozseg-onkormanyzata-kepviselo-testuletenek-5-2025-v-22-onkormanyzati-rendelete","status":"publish","type":"page","link":"https:\/\/mezozombor.hu\/?page_id=936","title":{"rendered":"Mez\u0151zombor K\u00f6zs\u00e9g \u00d6nkorm\u00e1nyzata K\u00e9pvisel\u0151-test\u00fclet\u00e9nek 5\/2025. (V. 22.) \u00f6nkorm\u00e1nyzati rendelete"},"content":{"rendered":"\n<h2 class=\"wp-block-heading has-text-align-center\" id=\"sc20255Y-1067SP000005-4\">A 2024. \u00e9vi p\u00e9nz\u00fcgyi terv v\u00e9grehajt\u00e1s\u00e1r\u00f3l<\/h2>\n\n\n\n<p class=\"has-text-align-center\">&nbsp;Hat\u00e1lyos: 2025. 05. 26<\/p>\n\n\n\n<p>[1]&nbsp;Mez\u0151zombor K\u00f6zs\u00e9g \u00d6nkorm\u00e1nyzat\u00e1nak K\u00e9pvisel\u0151-test\u00fclete a rendelet megalkot\u00e1s\u00e1val az \u00f6nkorm\u00e1nyzat \u00e9s int\u00e9zm\u00e9nyei 2024. \u00e9vi vagyoni, p\u00e9nz\u00fcgyi helyzet\u00e9t k\u00edv\u00e1nja val\u00f3s t\u00e9nyadatokkal bemutatni. Az \u00f6nkorm\u00e1nyzat legfontosabb feladata a 2024. \u00e9v sor\u00e1n a kiegyens\u00falyozott gazd\u00e1lkod\u00e1s biztos\u00edt\u00e1sa, a megtakar\u00edt\u00e1st jelent\u0151 lehet\u0151s\u00e9gek kiakn\u00e1z\u00e1sa, \u00e9s a p\u00e1ly\u00e1zatokban rejl\u0151 beruh\u00e1z\u00e1si, finansz\u00edroz\u00e1si lehet\u0151s\u00e9gek maxim\u00e1lis felhaszn\u00e1l\u00e1sa.<\/p>\n\n\n\n<p>[2]&nbsp;Mez\u0151zombor K\u00f6zs\u00e9g \u00d6nkorm\u00e1nyzat\u00e1nak K\u00e9pvisel\u0151-test\u00fclete&nbsp;<a href=\"https:\/\/njt.hu\/jogszabaly\/2011-4301-02-00#CA32@BE2\" target=\"_blank\" rel=\"noreferrer noopener\">az Alapt\u00f6rv\u00e9ny 32. cikk (2) bekezd\u00e9s<\/a>\u00e9ben meghat\u00e1rozott eredeti jogalkot\u00f3i hat\u00e1sk\u00f6r\u00e9ben,&nbsp;<a href=\"https:\/\/njt.hu\/jogszabaly\/2011-4301-02-00#CA32@BE1@POF\" target=\"_blank\" rel=\"noreferrer noopener\">az Alapt\u00f6rv\u00e9ny 32. cikk (1) bekezd\u00e9s f) pont<\/a>j\u00e1ban meghat\u00e1rozott feladatk\u00f6r\u00e9ben elj\u00e1rva, a P\u00e9nz\u00fcgyi \u00e9s Szoci\u00e1lis Bizotts\u00e1g \u00e9s az \u00dcgyrendi Bizotts\u00e1g v\u00e9lem\u00e9ny\u00e9nek kik\u00e9r\u00e9s\u00e9vel a k\u00f6vetkez\u0151ket rendeli el:<\/p>\n\n\n\n<p><strong>1.\u2005\u00a7<\/strong>&nbsp;(1)&nbsp;Az \u00f6nkorm\u00e1nyzat k\u00e9pvisel\u0151-test\u00fclete a 2024. \u00e9vi k\u00f6lts\u00e9gvet\u00e9s v\u00e9grehajt\u00e1s\u00e1r\u00f3l sz\u00f3l\u00f3 z\u00e1rsz\u00e1mad\u00e1st<\/p>\n\n\n\n<p>a)&nbsp;763.244.143.- Ft k\u00f6lts\u00e9gvet\u00e9si bev\u00e9tellel<\/p>\n\n\n\n<p>b)&nbsp;914.779.859.- Ft k\u00f6lts\u00e9gvet\u00e9si kiad\u00e1ssal<\/p>\n\n\n\n<p>c)&nbsp;-151.535.716.- Ft k\u00f6lts\u00e9gvet\u00e9si maradv\u00e1nnyal<\/p>\n\n\n\n<p>d)&nbsp;503.516.254.- Ft finansz\u00edroz\u00e1si bev\u00e9tellel<\/p>\n\n\n\n<p>e)&nbsp;42.916.423.- Ft finansz\u00edroz\u00e1si kiad\u00e1ssal<\/p>\n\n\n\n<p>f)&nbsp;460.599.831.- Ft finansz\u00edroz\u00e1si maradv\u00e1nnyal<\/p>\n\n\n\n<p>g)&nbsp;1.266.760.397.- Ft \u00f6sszes teljes\u00edtett bev\u00e9tellel<\/p>\n\n\n\n<p>h)&nbsp;957.696.282.- Ft \u00f6sszes teljes\u00edtett kiad\u00e1ssal hagyja j\u00f3v\u00e1.<\/p>\n\n\n\n<p>(2)&nbsp;Az \u00f6nkorm\u00e1nyzati szinten m\u00e9rlegszer\u0171en bemutatott kiad\u00e1sokat, bev\u00e9teleket, valamint azon bel\u00fcl k\u00f6telez\u0151 feladatok, \u00f6nk\u00e9nt v\u00e1llalt feladatok, \u00e1llamigazgat\u00e1si feladatok szerinti bont\u00e1sban a k\u00e9pvisel\u0151-test\u00fclet az 1.mell\u00e9klet szerint fogadja el.<\/p>\n\n\n\n<p>(3)&nbsp;A m\u0171k\u00f6d\u00e9si bev\u00e9telek \u00e9s kiad\u00e1sok, valamint a felhalmoz\u00e1si bev\u00e9telek \u00e9s kiad\u00e1sok m\u00e9rleg\u00e9t a&nbsp;<a href=\"https:\/\/or.njt.hu\/eli\/726357\/r\/2025\/5#ME2\">2. mell\u00e9klet<\/a>&nbsp;tartalmazza.<\/p>\n\n\n\n<p><strong>2.\u2005\u00a7<\/strong>&nbsp;(1)&nbsp;Az \u00f6nkorm\u00e1nyzat beruh\u00e1z\u00e1si kiad\u00e1sait a&nbsp;<a href=\"https:\/\/or.njt.hu\/eli\/726357\/r\/2025\/5#ME3\">3. mell\u00e9klet<\/a>&nbsp;szerint hagyja j\u00f3v\u00e1.<\/p>\n\n\n\n<p>(2)&nbsp;Az \u00f6nkorm\u00e1nyzat fel\u00faj\u00edt\u00e1si kiad\u00e1sait a&nbsp;<a href=\"https:\/\/or.njt.hu\/eli\/726357\/r\/2025\/5#ME4\">4. mell\u00e9klet<\/a>&nbsp;szerint hagyja j\u00f3v\u00e1.<\/p>\n\n\n\n<p>(3)&nbsp;Az EU-s t\u00e1mogat\u00e1ssal megval\u00f3sul\u00f3 programok \u00e9s projektek, valamint az \u00f6nkorm\u00e1nyzaton k\u00edv\u00fcl megval\u00f3sult projektekhez val\u00f3 hozz\u00e1j\u00e1rul\u00e1s p\u00e9nz\u00fcgyi elsz\u00e1mol\u00e1s\u00e1t az&nbsp;<a href=\"https:\/\/or.njt.hu\/eli\/726357\/r\/2025\/5#ME5\">5. mell\u00e9klet<\/a>&nbsp;szerint fogadja el.<\/p>\n\n\n\n<p>(4)&nbsp;Az \u00f6nkorm\u00e1nyzat, polg\u00e1rmesteri hivatal \u00e9s a k\u00f6lts\u00e9gvet\u00e9si szervek bev\u00e9teli \u00e9s kiad\u00e1si el\u0151ir\u00e1nyzatainak teljes\u00edt\u00e9s\u00e9t a&nbsp;<a href=\"https:\/\/or.njt.hu\/eli\/726357\/r\/2025\/5#ME6\">6. mell\u00e9klet<\/a><em>&nbsp;tartalmazza<\/em>.<\/p>\n\n\n\n<p>(5)&nbsp;A k\u00e9pvisel\u0151-test\u00fclet a k\u00f6lts\u00e9gvet\u00e9si szervek maradv\u00e1ny\u00e1t \u00e9s annak felhaszn\u00e1l\u00e1s\u00e1t a&nbsp;<a href=\"https:\/\/or.njt.hu\/eli\/726357\/r\/2025\/5#ME7\">7. mell\u00e9klet<\/a>&nbsp;szerint hagyja j\u00f3v\u00e1, illetve enged\u00e9lyezi.<\/p>\n\n\n\n<p>(6)&nbsp;A k\u00e9pvisel\u0151-test\u00fclet az \u00f6nkorm\u00e1nyzat feladatalap\u00fa \u00e1llami t\u00e1mogat\u00e1s\u00e1t jogc\u00edmenk\u00e9nt a&nbsp;<a href=\"https:\/\/or.njt.hu\/eli\/726357\/r\/2025\/5#ME8\">8. mell\u00e9klet<\/a><em>&nbsp;szerint<\/em>&nbsp;hagyja j\u00f3v\u00e1.<\/p>\n\n\n\n<p>(7)&nbsp;A k\u00e9pvisel\u0151-test\u00fclet a 2024. \u00e9vben c\u00e9ljelleggel juttatott t\u00e1mogat\u00e1sokat a&nbsp;<a href=\"https:\/\/or.njt.hu\/eli\/726357\/r\/2025\/5#ME9\">9. mell\u00e9klet<\/a><em>&nbsp;szerint<\/em>&nbsp;hagyja j\u00f3v\u00e1.<\/p>\n\n\n\n<p><strong>3.\u2005\u00a7<\/strong>&nbsp;(1)&nbsp;A k\u00e9pvisel\u0151-test\u00fclet utas\u00edtja az \u00f6nkorm\u00e1nyzat jegyz\u0151j\u00e9t, hogy a k\u00f6lts\u00e9gvet\u00e9si maradv\u00e1nyt \u00e9rint\u0151 fizet\u00e9si k\u00f6telezetts\u00e9gek teljes\u00edt\u00e9s\u00e9t biztos\u00edtsa, illetve k\u00eds\u00e9rje figyelemmel.<\/p>\n\n\n\n<p>(2)&nbsp;Az \u00f6nkorm\u00e1nyzat jegyz\u0151je \u00e9s a k\u00f6lts\u00e9gvet\u00e9si szervek vezet\u0151i a k\u00f6lts\u00e9gvet\u00e9si maradv\u00e1nynak a 2025. \u00e9vi el\u0151ir\u00e1nyzatokon t\u00f6rt\u00e9n\u0151 \u00e1tvezet\u00e9s\u00e9r\u0151l gondoskodni k\u00f6telesek.<\/p>\n\n\n\n<p><strong>4.\u2005\u00a7<\/strong>&nbsp;A k\u00e9pvisel\u0151test\u00fclet utas\u00edtja az \u00f6nkorm\u00e1nyzat jegyz\u0151j\u00e9t, hogy a k\u00f6lts\u00e9gvet\u00e9si besz\u00e1mol\u00f3 elfogad\u00e1s\u00e1r\u00f3l a k\u00f6lts\u00e9gvet\u00e9si maradv\u00e1ny j\u00f3v\u00e1hagyott \u00f6sszeg\u00e9r\u0151l, elvon\u00e1s\u00e1r\u00f3l a k\u00f6lts\u00e9gvet\u00e9si szervek vezet\u0151it a rendelet kihirdet\u00e9s\u00e9t k\u00f6vet\u0151 15 napon bel\u00fcl \u00edr\u00e1sban \u00e9rtes\u00edtse.<\/p>\n\n\n\n<p><strong>5.\u2005\u00a7<\/strong>&nbsp;Ez a rendelet 2025. m\u00e1jus 26-\u00e1n l\u00e9p hat\u00e1lyba.<\/p>\n\n\n\n<p><a href=\"https:\/\/or.njt.hu\/download\/1067\/resources\/EJR_93734521-1.mell_klet.pdf\" target=\"_blank\" rel=\"noreferrer noopener\"><\/a><\/p>\n\n\n\n<p><a href=\"https:\/\/or.njt.hu\/download\/1067\/resources\/EJR_93734521-1.mell_klet.pdf\" target=\"_blank\" rel=\"noreferrer noopener\">1. mell\u00e9klet az 5\/2025. (V. 22.) \u00f6nkorm\u00e1nyzati rendelethez<\/a><\/p>\n\n\n\n<p><a href=\"https:\/\/or.njt.hu\/download\/1067\/resources\/EJR_93734523-2._mell_klet.pdf\" target=\"_blank\" rel=\"noreferrer noopener\"><\/a><\/p>\n\n\n\n<p><a href=\"https:\/\/or.njt.hu\/download\/1067\/resources\/EJR_93734523-2._mell_klet.pdf\" target=\"_blank\" rel=\"noreferrer noopener\">2. mell\u00e9klet az 5\/2025. (V. 22.) \u00f6nkorm\u00e1nyzati rendelethez<\/a><\/p>\n\n\n\n<p><a href=\"https:\/\/or.njt.hu\/download\/1067\/resources\/EJR_93734527-3._mell_klet.pdf\" target=\"_blank\" rel=\"noreferrer noopener\"><\/a><\/p>\n\n\n\n<p><a href=\"https:\/\/or.njt.hu\/download\/1067\/resources\/EJR_93734527-3._mell_klet.pdf\" target=\"_blank\" rel=\"noreferrer noopener\">3. mell\u00e9klet az 5\/2025. (V. 22.) \u00f6nkorm\u00e1nyzati rendelethez<\/a><\/p>\n\n\n\n<p><a href=\"https:\/\/or.njt.hu\/download\/1067\/resources\/EJR_93734531-4._mell_klet.pdf\" target=\"_blank\" rel=\"noreferrer noopener\"><\/a><\/p>\n\n\n\n<p><a href=\"https:\/\/or.njt.hu\/download\/1067\/resources\/EJR_93734531-4._mell_klet.pdf\" target=\"_blank\" rel=\"noreferrer noopener\">4. mell\u00e9klet az 5\/2025. (V. 22.) \u00f6nkorm\u00e1nyzati rendelethez<\/a><\/p>\n\n\n\n<p><a href=\"https:\/\/or.njt.hu\/download\/1067\/resources\/EJR_93734534-5._mell_klet.pdf\" target=\"_blank\" rel=\"noreferrer noopener\"><\/a><\/p>\n\n\n\n<p><a href=\"https:\/\/or.njt.hu\/download\/1067\/resources\/EJR_93734534-5._mell_klet.pdf\" target=\"_blank\" rel=\"noreferrer noopener\">5. mell\u00e9klet az 5\/2025. (V. 22.) \u00f6nkorm\u00e1nyzati rendelethez<\/a><\/p>\n\n\n\n<p><a href=\"https:\/\/or.njt.hu\/download\/1067\/resources\/EJR_93734537-6._mell_klet.pdf\" target=\"_blank\" rel=\"noreferrer noopener\"><\/a><\/p>\n\n\n\n<p><a href=\"https:\/\/or.njt.hu\/download\/1067\/resources\/EJR_93734537-6._mell_klet.pdf\" target=\"_blank\" rel=\"noreferrer noopener\">6. mell\u00e9klet az 5\/2025. (V. 22.) \u00f6nkorm\u00e1nyzati rendelethez<\/a><\/p>\n\n\n\n<p><a href=\"https:\/\/or.njt.hu\/download\/1067\/resources\/EJR_93738756-7._mell_klet.pdf\" target=\"_blank\" rel=\"noreferrer noopener\"><\/a><\/p>\n\n\n\n<p><a href=\"https:\/\/or.njt.hu\/download\/1067\/resources\/EJR_93738756-7._mell_klet.pdf\" target=\"_blank\" rel=\"noreferrer noopener\">7. mell\u00e9klet az 5\/2025. (V. 22.) \u00f6nkorm\u00e1nyzati rendelethez<\/a><\/p>\n\n\n\n<p><a href=\"https:\/\/or.njt.hu\/download\/1067\/resources\/EJR_93738758-8._mell_klet.pdf\" target=\"_blank\" rel=\"noreferrer noopener\"><\/a><\/p>\n\n\n\n<p><a href=\"https:\/\/or.njt.hu\/download\/1067\/resources\/EJR_93738758-8._mell_klet.pdf\" target=\"_blank\" rel=\"noreferrer noopener\">8. mell\u00e9klet az 5\/2025. (V. 22.) \u00f6nkorm\u00e1nyzati rendelethez<\/a><\/p>\n\n\n\n<p><a href=\"https:\/\/or.njt.hu\/download\/1067\/resources\/EJR_93738770-9._mell_klet.pdf\" target=\"_blank\" rel=\"noreferrer noopener\"><\/a><\/p>\n\n\n\n<p><a href=\"https:\/\/or.njt.hu\/download\/1067\/resources\/EJR_93738770-9._mell_klet.pdf\" target=\"_blank\" rel=\"noreferrer noopener\">9. mell\u00e9klet az 5\/2025. (V. 22.) \u00f6nkorm\u00e1nyzati rendelethez<\/a><\/p>\n\n\n\n<p><\/p>\n","protected":false},"excerpt":{"rendered":"<p>A 2024. \u00e9vi p\u00e9nz\u00fcgyi terv v\u00e9grehajt\u00e1s\u00e1r\u00f3l &nbsp;Hat\u00e1lyos: 2025. 05. 26 [1]&nbsp;Mez\u0151zombor K\u00f6zs\u00e9g \u00d6nkorm\u00e1nyzat\u00e1nak K\u00e9pvisel\u0151-test\u00fclete a rendelet megalkot\u00e1s\u00e1val az \u00f6nkorm\u00e1nyzat \u00e9s&hellip;<\/p>\n","protected":false},"author":1,"featured_media":0,"parent":0,"menu_order":0,"comment_status":"closed","ping_status":"closed","template":"","meta":{"footnotes":""},"class_list":["post-936","page","type-page","status-publish","hentry"],"_links":{"self":[{"href":"https:\/\/mezozombor.hu\/index.php?rest_route=\/wp\/v2\/pages\/936","targetHints":{"allow":["GET"]}}],"collection":[{"href":"https:\/\/mezozombor.hu\/index.php?rest_route=\/wp\/v2\/pages"}],"about":[{"href":"https:\/\/mezozombor.hu\/index.php?rest_route=\/wp\/v2\/types\/page"}],"author":[{"embeddable":true,"href":"https:\/\/mezozombor.hu\/index.php?rest_route=\/wp\/v2\/users\/1"}],"replies":[{"embeddable":true,"href":"https:\/\/mezozombor.hu\/index.php?rest_route=%2Fwp%2Fv2%2Fcomments&post=936"}],"version-history":[{"count":1,"href":"https:\/\/mezozombor.hu\/index.php?rest_route=\/wp\/v2\/pages\/936\/revisions"}],"predecessor-version":[{"id":937,"href":"https:\/\/mezozombor.hu\/index.php?rest_route=\/wp\/v2\/pages\/936\/revisions\/937"}],"wp:attachment":[{"href":"https:\/\/mezozombor.hu\/index.php?rest_route=%2Fwp%2Fv2%2Fmedia&parent=936"}],"curies":[{"name":"wp","href":"https:\/\/api.w.org\/{rel}","templated":true}]}}