{"id":930,"date":"2025-06-12T18:22:34","date_gmt":"2025-06-12T18:22:34","guid":{"rendered":"https:\/\/mezozombor.hu\/?page_id=930"},"modified":"2025-06-12T18:22:34","modified_gmt":"2025-06-12T18:22:34","slug":"mezozombor-kozseg-onkormanyzata-kepviselo-testuletenek-2-2024-ii-8-onkormanyzati-rendelete","status":"publish","type":"page","link":"https:\/\/mezozombor.hu\/?page_id=930","title":{"rendered":"Mez\u0151zombor K\u00f6zs\u00e9g \u00d6nkorm\u00e1nyzata K\u00e9pvisel\u0151-test\u00fclet\u00e9nek 2\/2024. (II. 8.) \u00f6nkorm\u00e1nyzati rendelete"},"content":{"rendered":"\n<h2 class=\"wp-block-heading has-text-align-center\" id=\"sc20245Y-1067SP000002-4\">Az \u00f6nkorm\u00e1nyzat 2024. \u00e9vi k\u00f6lts\u00e9gvet\u00e9s\u00e9r\u0151l<\/h2>\n\n\n\n<p class=\"has-text-align-center\">&nbsp;Hat\u00e1lyos: 2025. 05. 23<\/p>\n\n\n\n<p>Mez\u0151zombor K\u00f6zs\u00e9g \u00d6nkorm\u00e1nyzat\u00e1nak K\u00e9pvisel\u0151-test\u00fclete&nbsp;<a href=\"https:\/\/njt.hu\/jogszabaly\/2011-4301-02-00#CA32@BE2\" target=\"_blank\" rel=\"noreferrer noopener\">az Alapt\u00f6rv\u00e9ny 32. cikk (2) bekezd\u00e9s<\/a>\u00e9ben meghat\u00e1rozott eredeti jogalkot\u00f3i hat\u00e1sk\u00f6r\u00e9ben,&nbsp;<a href=\"https:\/\/njt.hu\/jogszabaly\/2011-4301-02-00#CA32@BE1@POF\" target=\"_blank\" rel=\"noreferrer noopener\">az Alapt\u00f6rv\u00e9ny 32. cikk (1) bekezd\u00e9s f) pont<\/a>j\u00e1ban meghat\u00e1rozott feladatk\u00f6r\u00e9ben elj\u00e1rva a k\u00f6vetkez\u0151ket rendeli el:<\/p>\n\n\n\n<p><strong>1.\u2005\u00a7<\/strong>&nbsp;[<strong>A rendelet hat\u00e1lya<\/strong>]<\/p>\n\n\n\n<p>A rendelet hat\u00e1lya a k\u00e9pvisel\u0151-test\u00fcletre, annak bizotts\u00e1gaira, a polg\u00e1rmesteri hivatalra \u00e9s az \u00f6nkorm\u00e1nyzat ir\u00e1ny\u00edt\u00e1sa al\u00e1 tartoz\u00f3 k\u00f6lts\u00e9gvet\u00e9si szervekre terjed ki.<\/p>\n\n\n\n<p><strong>2.\u2005\u00a7<sup>1<\/sup>&nbsp;<\/strong>[<strong>A k\u00f6lts\u00e9gvet\u00e9s bev\u00e9telei \u00e9s kiad\u00e1sai<\/strong>]<\/p>\n\n\n\n<p>(1)&nbsp;A k\u00e9pvisel\u0151-test\u00fclet az \u00f6nkorm\u00e1nyzat 2024. \u00e9vi k\u00f6lts\u00e9gvet\u00e9s\u00e9t:<\/p>\n\n\n\n<p>a)&nbsp;776.473.985.- Ft k\u00f6lts\u00e9gvet\u00e9si bev\u00e9tellel<\/p>\n\n\n\n<p>b)&nbsp;1.224.550.682.- Ft k\u00f6lts\u00e9gvet\u00e9si kiad\u00e1ssal<\/p>\n\n\n\n<p>c)&nbsp;-448.076.697.- Ft k\u00f6lts\u00e9gvet\u00e9si egyenleggel[a)-b)]<\/p>\n\n\n\n<p>d)&nbsp;175.921.089.- Ft &#8211; c)-b\u0151l m\u0171k\u00f6d\u00e9si hi\u00e1ny<\/p>\n\n\n\n<p>e)&nbsp;272.155.608.- Ft felhalmoz\u00e1si hi\u00e1ny<\/p>\n\n\n\n<p>f)&nbsp;492.296.781.- Ft finansz\u00edroz\u00e1si bev\u00e9tellel<\/p>\n\n\n\n<p>g)&nbsp;44.220.084 Ft finansz\u00edroz\u00e1si kiad\u00e1ssal<\/p>\n\n\n\n<p>h)&nbsp;448.076.697.- Ft finansz\u00edroz\u00e1si egyenleggel [f)-g)]<\/p>\n\n\n\n<p>i)&nbsp;a bev\u00e9telek \u00e9s kiad\u00e1sok f\u0151\u00f6sszeg\u00e9t 1.268.770.766.- Ft-ban \u00e1llap\u00edtja meg.<\/p>\n\n\n\n<p>(2)&nbsp;Az&nbsp;<a href=\"https:\/\/or.njt.hu\/eli\/726357\/r\/2024\/2#SZ2@BE1\">(1) bekezd\u00e9s<\/a>ben meg\u00e1llap\u00edtott k\u00f6lts\u00e9gvet\u00e9si bev\u00e9telek forr\u00e1sonk\u00e9nti, a k\u00f6lts\u00e9gvet\u00e9si kiad\u00e1sok jogc\u00edmenk\u00e9nti megoszl\u00e1s\u00e1t \u00f6nkorm\u00e1nyzati szinten, tov\u00e1bb\u00e1 a finansz\u00edroz\u00e1si bev\u00e9teleket \u00e9s kiad\u00e1sokat \u00e9s azon bel\u00fcl k\u00f6telez\u0151 feladatok, \u00f6nk\u00e9nt v\u00e1llalt feladatok, \u00e1llamigazgat\u00e1si feladatok szerinti bont\u00e1sban a k\u00e9pvisel\u0151-test\u00fclet az&nbsp;<a href=\"https:\/\/or.njt.hu\/eli\/726357\/r\/2024\/2#ME1\">1. mell\u00e9klet<\/a>&nbsp;szerint hat\u00e1rozza meg.<\/p>\n\n\n\n<p>(3)&nbsp;A m\u0171k\u00f6d\u00e9si \u00e9s felhalmoz\u00e1si bev\u00e9telek \u00e9s kiad\u00e1sok el\u0151ir\u00e1nyzatai m\u00e9rlegszer\u0171 bemutat\u00e1s\u00e1t \u00f6nkorm\u00e1nyzati szinten a&nbsp;<a href=\"https:\/\/or.njt.hu\/eli\/726357\/r\/2024\/2#ME2\">2. mell\u00e9klet<\/a>&nbsp;r\u00e9szletezi.(4) A m\u0171k\u00f6d\u00e9si hi\u00e1ny bels\u0151 finansz\u00edroz\u00e1s\u00e1nak \u00e9rdek\u00e9ben a k\u00e9pvisel\u0151-test\u00fclet az el\u0151z\u0151 \u00e9vek k\u00f6lts\u00e9gvet\u00e9si maradv\u00e1ny\u00e1nak, v\u00e1llalkoz\u00e1si maradv\u00e1ny\u00e1nak ig\u00e9nybev\u00e9tel\u00e9t, tov\u00e1bb\u00e1 likvid hitel felv\u00e9tel\u00e9t \u00e9s az \u00e1llamh\u00e1ztart\u00e1son bel\u00fcli megel\u0151legez\u00e9st rendeli el<\/p>\n\n\n\n<p><strong>3.\u2005\u00a7<\/strong>&nbsp;[<strong>A k\u00f6lts\u00e9gvet\u00e9s r\u00e9szletez\u00e9se<\/strong>]<\/p>\n\n\n\n<p>(1)&nbsp;Az \u00d6nkorm\u00e1nyzat ad\u00f3ss\u00e1got keletkeztet\u0151 \u00fcgyletekb\u0151l \u00e9s kezess\u00e9gv\u00e1llal\u00e1sokb\u00f3l fenn\u00e1ll\u00f3 k\u00f6telezetts\u00e9geit a&nbsp;<a href=\"https:\/\/or.njt.hu\/eli\/726357\/r\/2024\/2#ME3\">3. mell\u00e9klet<\/a>&nbsp;r\u00e9szletezi.<\/p>\n\n\n\n<p>(2)&nbsp;Az \u00d6nkorm\u00e1nyzat saj\u00e1t bev\u00e9teleinek r\u00e9szletez\u00e9s\u00e9t az ad\u00f3ss\u00e1got keletkeztet\u0151 \u00fcgyletb\u0151l sz\u00e1rmaz\u00f3 t\u00e1rgy\u00e9vi fizet\u00e9si k\u00f6telezetts\u00e9g meg\u00e1llap\u00edt\u00e1s\u00e1hoz a&nbsp;<a href=\"https:\/\/or.njt.hu\/eli\/726357\/r\/2024\/2#ME4\">4. mell\u00e9klet<\/a>&nbsp;tartalmazza.<\/p>\n\n\n\n<p>(3)&nbsp;Az \u00d6nkorm\u00e1nyzat 2024. \u00e9vi ad\u00f3ss\u00e1got keletkeztet\u0151 fejleszt\u00e9si c\u00e9ljait az&nbsp;<a href=\"https:\/\/or.njt.hu\/eli\/726357\/r\/2024\/2#ME5\">5. mell\u00e9klet<\/a>&nbsp;r\u00e9szletezi.<\/p>\n\n\n\n<p>(4)&nbsp;Az \u00d6nkorm\u00e1nyzat k\u00f6lts\u00e9gvet\u00e9s\u00e9ben szerepl\u0151 beruh\u00e1z\u00e1sok kiad\u00e1sainak beruh\u00e1z\u00e1sonk\u00e9nti r\u00e9szletez\u00e9s\u00e9t a&nbsp;<a href=\"https:\/\/or.njt.hu\/eli\/726357\/r\/2024\/2#ME6\">6. mell\u00e9klet<\/a>&nbsp;szerint hat\u00e1rozza meg.<\/p>\n\n\n\n<p>(5)&nbsp;Az \u00f6nkorm\u00e1nyzat k\u00f6lts\u00e9gvet\u00e9s\u00e9ben szerepl\u0151 fel\u00faj\u00edt\u00e1sok kiad\u00e1sait fel\u00faj\u00edt\u00e1sonk\u00e9nt a&nbsp;<a href=\"https:\/\/or.njt.hu\/eli\/726357\/r\/2024\/2#ME7\">7. mell\u00e9klet<\/a>&nbsp;szerint r\u00e9szletezi.<\/p>\n\n\n\n<p>(6)&nbsp;Az EU-s t\u00e1mogat\u00e1ssal megval\u00f3sul\u00f3 programokat \u00e9s projekteket, valamint az \u00f6nkorm\u00e1nyzaton k\u00edv\u00fcl megval\u00f3sul\u00f3 projektekhez val\u00f3 hozz\u00e1j\u00e1rul\u00e1st a&nbsp;<a href=\"https:\/\/or.njt.hu\/eli\/726357\/r\/2024\/2#ME8\">8. mell\u00e9klet<\/a>&nbsp;szerint hagyja j\u00f3v\u00e1.<\/p>\n\n\n\n<p>(7)&nbsp;A 2. \u00a7 (1) bekezd\u00e9s\u00e9ben meg\u00e1llap\u00edtott bev\u00e9telek \u00e9s kiad\u00e1sok \u00f6nkorm\u00e1nyzati, polg\u00e1rmesteri hivatali, tov\u00e1bb\u00e1 k\u00f6lts\u00e9gvet\u00e9si szervenk\u00e9nti megoszl\u00e1s\u00e1t, \u00e9s az \u00e9ves,tervezett l\u00e9tsz\u00e1m el\u0151ir\u00e1nyzatot \u00e9s a k\u00f6zfoglalkoztatottak l\u00e9tsz\u00e1m\u00e1t k\u00f6lts\u00e9gvet\u00e9si szervenk\u00e9nt, feladatonk\u00e9nt \u00e9s azon bel\u00fcl k\u00f6telez\u0151 feladatok, \u00f6nk\u00e9nt v\u00e1llalt feladatok, \u00e1llamigazgat\u00e1si feladatok szerinti bont\u00e1sban a&nbsp;<a href=\"https:\/\/or.njt.hu\/eli\/726357\/r\/2024\/2#ME9\">9. mell\u00e9klet<\/a>&nbsp;szerint hat\u00e1rozza meg.<\/p>\n\n\n\n<p>(8)&nbsp;Adatszolg\u00e1ltat\u00e1s az elismert tartoz\u00e1s\u00e1llom\u00e1nyr\u00f3l tartalmi elemeit a&nbsp;<a href=\"https:\/\/or.njt.hu\/eli\/726357\/r\/2024\/2#ME10\">10. mell\u00e9klet<\/a>&nbsp;tartalmazza.<\/p>\n\n\n\n<p>(9)&nbsp;A 2024. \u00e9vi \u00e1ltal\u00e1nos m\u0171k\u00f6d\u00e9s \u00e9s \u00e1gazati feladatok t\u00e1mogat\u00e1sa alakul\u00e1sa jogc\u00edmenk\u00e9nt a&nbsp;<a href=\"https:\/\/or.njt.hu\/eli\/726357\/r\/2024\/2#ME11\">11. mell\u00e9klet<\/a>&nbsp;tartalmazza.<\/p>\n\n\n\n<p>(10)&nbsp;Az \u00d6nkorm\u00e1nyzat a kiad\u00e1sok k\u00f6z\u00f6tt c\u00e9ltartal\u00e9kot nem \u00e1llap\u00edt meg.<\/p>\n\n\n\n<p><strong>4.\u2005\u00a7<\/strong>&nbsp;[<strong>A k\u00f6lts\u00e9gvet\u00e9s v\u00e9grehajt\u00e1s\u00e1nak szab\u00e1lyai<\/strong>]<\/p>\n\n\n\n<p>(1)&nbsp;Az \u00f6nkorm\u00e1nyzati szint\u0171 k\u00f6lts\u00e9gvet\u00e9s v\u00e9grehajt\u00e1s\u00e1\u00e9rt a polg\u00e1rmester, a k\u00f6nyvvezet\u00e9ssel kapcsolatos feladatok ell\u00e1t\u00e1s\u00e1\u00e9rt a jegyz\u0151 a felel\u0151s.<\/p>\n\n\n\n<p>(2)&nbsp;Az \u00d6nkorm\u00e1nyzat gazd\u00e1lkod\u00e1s\u00e1nak biztons\u00e1g\u00e1\u00e9rt a k\u00e9pvisel\u0151-test\u00fclet, a gazd\u00e1lkod\u00e1s szab\u00e1lyszer\u0171s\u00e9g\u00e9\u00e9rt a polg\u00e1rmester felel\u0151s.<\/p>\n\n\n\n<p>(3)&nbsp;A k\u00f6lts\u00e9gvet\u00e9si hi\u00e1ny cs\u00f6kkent\u00e9se \u00e9rdek\u00e9ben \u00e9vk\u00f6zben folyamatosan figyelemmel kell k\u00eds\u00e9rni a kiad\u00e1sok cs\u00f6kkent\u00e9s\u00e9nek \u00e9s a bev\u00e9telek n\u00f6vel\u00e9s\u00e9nek lehet\u0151s\u00e9geit.<\/p>\n\n\n\n<p>(4)&nbsp;Az \u00f6nkorm\u00e1nyzat \u00e9s az \u00f6nkorm\u00e1nyzat ir\u00e1ny\u00edt\u00e1sa al\u00e1 tartoz\u00f3 k\u00f6lts\u00e9gvet\u00e9si szervek eset\u00e9ben normat\u00edv jutalmak \u00e9s c\u00e9ljuttat\u00e1s, projektpr\u00e9mium k\u00f6lts\u00e9gvet\u00e9si kiad\u00e1si el\u0151ir\u00e1nyzatai terh\u00e9re a k\u00f6lts\u00e9gvet\u00e9si \u00e9vben egy\u00fcttesen a t\u00f6rv\u00e9ny szerinti illetm\u00e9nyek, munkab\u00e9rek rovat eredeti el\u0151ir\u00e1nyzat\u00e1nak 15%-\u00e1ig v\u00e1llalhat\u00f3 k\u00f6telezetts\u00e9g.<\/p>\n\n\n\n<p>(5)&nbsp;Az \u00f6nkorm\u00e1nyzat \u00e9s az \u00f6nkorm\u00e1nyzat ir\u00e1ny\u00edt\u00e1sa al\u00e1 tartoz\u00f3 k\u00f6lts\u00e9gvet\u00e9si szerv \u00e1llom\u00e1ny\u00e1ba tartoz\u00f3 szem\u00e9ly r\u00e9sz\u00e9re megb\u00edz\u00e1si d\u00edj vagy m\u00e1s szerz\u0151d\u00e9s alapj\u00e1n d\u00edjaz\u00e1s a munkak\u00f6ri le\u00edr\u00e1sa szerint sz\u00e1m\u00e1ra el\u0151\u00edrhat\u00f3 feladatra nem fizethet\u0151. M\u00e1s esetben d\u00edjfizet\u00e9s\u00e9re a feladatra vonatkoz\u00f3an el\u0151zetesen \u00edr\u00e1sban k\u00f6t\u00f6tt szerz\u0151d\u00e9s az \u00c1vr. \u00e9s a bels\u0151 szab\u00e1lyzat szab\u00e1lyai szerint igazolt teljes\u00edt\u00e9se ut\u00e1n ker\u00fclhet sor. A szerz\u0151d\u00e9sben ki kell k\u00f6tni, hogy a d\u00edj kiz\u00e1r\u00f3lag abban az esetben illeti meg a k\u00f6lts\u00e9gvet\u00e9si szerv \u00e1llom\u00e1ny\u00e1ba tartoz\u00f3 szem\u00e9lyt, ha a szerz\u0151d\u00e9sben r\u00f6gz\u00edtett feladat mellett a munkak\u00f6r\u00e9be tartoz\u00f3 feladatainak is marad\u00e9ktalanul eleget tett.<\/p>\n\n\n\n<p>(6)&nbsp;Amennyiben a k\u00f6lts\u00e9gvet\u00e9si szerv harminc napon t\u00fali, lej\u00e1rt esed\u00e9kess\u00e9g\u0171 elismert tartoz\u00e1s\u00e1llom\u00e1ny\u00e1nak m\u00e9rt\u00e9ke k\u00e9t egym\u00e1st k\u00f6vet\u0151 h\u00f3napban el\u00e9ri az \u00e9ves eredeti kiad\u00e1si el\u0151ir\u00e1nyzat\u00e1nak 10%-\u00e1t vagy a sz\u00e1z\u00f6tven milli\u00f3 forintot, az ir\u00e1ny\u00edt\u00f3 szerv a k\u00f6lts\u00e9gvet\u00e9si szervhez \u00f6nkorm\u00e1nyzati biztost jel\u00f6l ki.<\/p>\n\n\n\n<p>(7)&nbsp;A k\u00f6lts\u00e9gvet\u00e9si szerv vezet\u0151je e rendelet&nbsp;<a href=\"https:\/\/or.njt.hu\/eli\/726357\/r\/2024\/2#ME10\">10. mell\u00e9klet<\/a>\u00e9ben foglalt adatlapon k\u00f6teles a tartoz\u00e1s\u00e1llom\u00e1nyr\u00f3l adatot szolg\u00e1ltatni. A k\u00f6lts\u00e9gvet\u00e9si szerv az \u00e1ltala lej\u00e1rt esed\u00e9kess\u00e9g\u0171 elismert tartoz\u00e1s\u00e1llom\u00e1ny tekintet\u00e9ben \u2013 nemleges adat eset\u00e9n is \u2013 havonta a t\u00e1rgyh\u00f3 25-i \u00e1llapotnak megfelel\u0151en a t\u00e1rgyh\u00f3napot k\u00f6vet\u0151 h\u00f3 5-ig az \u00f6nkorm\u00e1nyzat jegyz\u0151je r\u00e9sz\u00e9re k\u00f6teles adatszolg\u00e1ltat\u00e1st teljes\u00edteni.<\/p>\n\n\n\n<p>(8)&nbsp;Kieg\u00e9sz\u00edt\u0151 t\u00e1mogat\u00e1s ig\u00e9nyl\u00e9s\u00e9r\u0151l a m\u0171k\u00f6d\u0151k\u00e9pess\u00e9get vesz\u00e9lyeztet\u0151 helyzet eset\u00e9ben a polg\u00e1rmester gondoskodik, k\u00fcl\u00f6n k\u00e9pvisel\u0151-test\u00fcleti d\u00f6nt\u00e9s alapj\u00e1n.<\/p>\n\n\n\n<p>(9)&nbsp;A finansz\u00edroz\u00e1si bev\u00e9telekkel \u00e9s kiad\u00e1sokkal kapcsolatos hat\u00e1sk\u00f6r\u00f6ket a K\u00e9pvisel\u0151-test\u00fclet gyakorolja.<\/p>\n\n\n\n<p><strong>5.\u2005\u00a7<\/strong>&nbsp;[<strong>Az el\u0151ir\u00e1nyzatok m\u00f3dos\u00edt\u00e1sa<\/strong>]<\/p>\n\n\n\n<p>(1)&nbsp;A k\u00e9pvisel\u0151-test\u00fclet az \u00d6nkorm\u00e1nyzat bev\u00e9teleinek \u00e9s kiad\u00e1sainak m\u00f3dos\u00edt\u00e1s\u00e1t \u00e9s a kiad\u00e1si kiemelt el\u0151ir\u00e1nyzatok k\u00f6z\u00f6tti \u00e1tcsoportos\u00edt\u00e1s jog\u00e1t 20.000.000 Ft \u00f6sszeghat\u00e1rig &#8211; mely esetenk\u00e9nt az 5.000.000 Ft \u00f6sszeghat\u00e1rt nem haladhatja meg &#8211; a polg\u00e1rmesterre \u00e1truh\u00e1zza.<\/p>\n\n\n\n<p>(2)&nbsp;Az&nbsp;<a href=\"https:\/\/or.njt.hu\/eli\/726357\/r\/2024\/2#SZ5@BE1\">(1) bekezd\u00e9s<\/a>ben foglalt \u00e1tcsoportos\u00edt\u00e1sr\u00f3l a polg\u00e1rmester negyed\u00e9vente k\u00f6teles besz\u00e1molni, a k\u00f6lts\u00e9gvet\u00e9s m\u00f3dos\u00edt\u00e1s\u00e1ra egyidej\u0171leg javaslatot tenni. Az \u00e1truh\u00e1zott hat\u00e1sk\u00f6r\u0171 el\u0151ir\u00e1nyzat-m\u00f3dos\u00edt\u00e1si jogk\u00f6r 2024. december 31-ig gyakorolhat\u00f3.<\/p>\n\n\n\n<p>(3)&nbsp;A k\u00f6lts\u00e9gvet\u00e9si szerv a k\u00f6lts\u00e9gvet\u00e9se kiemelt el\u0151ir\u00e1nyzatain bel\u00fcli rovatok k\u00f6z\u00f6tt \u00e1tcsoportos\u00edt\u00e1st hajthat v\u00e9gre.<\/p>\n\n\n\n<p>(4)&nbsp;A k\u00e9pvisel\u0151-test\u00fclet a k\u00f6lts\u00e9gvet\u00e9si rendelet&nbsp;<a href=\"https:\/\/or.njt.hu\/eli\/726357\/r\/2024\/2#SZ5@BE2\">(2) bekezd\u00e9s<\/a>&nbsp;szerinti el\u0151ir\u00e1nyzat-m\u00f3dos\u00edt\u00e1s, el\u0151ir\u00e1nyzat-\u00e1tcsoportos\u00edt\u00e1s \u00e1tvezet\u00e9sek\u00e9nt &#8211; az els\u0151 negyed\u00e9v kiv\u00e9tel\u00e9vel &#8211; negyed\u00e9venk\u00e9nt, de legk\u00e9s\u0151bb az \u00e9ves k\u00f6lts\u00e9gvet\u00e9si besz\u00e1mol\u00f3 elk\u00e9sz\u00edt\u00e9s\u00e9nek hat\u00e1ridej\u00e9ig, december 31-ei hat\u00e1llyal m\u00f3dos\u00edtja a k\u00f6lts\u00e9gvet\u00e9si rendelet\u00e9t. Ha \u00e9v k\u00f6zben az Orsz\u00e1ggy\u0171l\u00e9s a hozz\u00e1j\u00e1rul\u00e1sok, t\u00e1mogat\u00e1sok el\u0151ir\u00e1nyzatait z\u00e1rolja, azokat cs\u00f6kkenti, t\u00f6rli, az int\u00e9zked\u00e9s kihirdet\u00e9s\u00e9t k\u00f6vet\u0151en halad\u00e9ktalanul a k\u00e9pvisel\u0151-test\u00fclet el\u00e9 kell terjeszteni a k\u00f6lts\u00e9gvet\u00e9si rendelet m\u00f3dos\u00edt\u00e1s\u00e1t.<\/p>\n\n\n\n<p>(5)&nbsp;A k\u00f6lts\u00e9gvet\u00e9si szerv alaptev\u00e9kenys\u00e9ge k\u00f6r\u00e9ben szellemi tev\u00e9kenys\u00e9g szerz\u0151d\u00e9ssel, sz\u00e1mla ellen\u00e9ben t\u00f6rt\u00e9n\u0151 ig\u00e9nybev\u00e9tel\u00e9re szolg\u00e1l\u00f3 kiad\u00e1si el\u0151ir\u00e1nyzat csak a szem\u00e9lyi juttat\u00e1sok terh\u00e9re n\u00f6velhet\u0151.<\/p>\n\n\n\n<p>(6)&nbsp;Amennyiben az \u00f6nkorm\u00e1nyzat \u00e9v k\u00f6zben a k\u00f6lts\u00e9gvet\u00e9si rendelet k\u00e9sz\u00edt\u00e9sekor nem ismert t\u00f6bbletbev\u00e9telhez jut, vagy bev\u00e9telei a tervezett\u0151l elmaradnak, arr\u00f3l a polg\u00e1rmester a k\u00e9pvisel\u0151-test\u00fcletet t\u00e1j\u00e9koztatja.<\/p>\n\n\n\n<p>(7)&nbsp;A k\u00e9pvisel\u0151-test\u00fclet \u00e1ltal j\u00f3v\u00e1hagyott kiemelt el\u0151ir\u00e1nyzatokat valamennyi k\u00f6lts\u00e9gvet\u00e9si szerv k\u00f6teles betartani. Az el\u0151ir\u00e1nyzat t\u00fall\u00e9p\u00e9s fegyelmi felel\u0151ss\u00e9get von maga ut\u00e1n.<\/p>\n\n\n\n<p>(8)&nbsp;Az \u00f6nkorm\u00e1nyzat saj\u00e1t forr\u00e1sai terh\u00e9re &#8211; a k\u00e9pvisel\u0151-test\u00fclet hivatal\u00e1n\u00e1l foglalkoztatott k\u00f6ztisztvisel\u0151k vonatkoz\u00e1s\u00e1ban &#8211; a k\u00f6zszolg\u00e1lati tisztvisel\u0151kr\u0151l sz\u00f3l\u00f3&nbsp;<a href=\"https:\/\/njt.hu\/jogszabaly\/2011-199-00-00\" target=\"_blank\" rel=\"noreferrer noopener\">2011. \u00e9vi CXCIX. t\u00f6rv\u00e9ny<\/a>ben foglaltakt\u00f3l elt\u00e9r\u0151en &#8211; az illetm\u00e9nyalapot 46.380 Ft-ban \u00e1llap\u00edtja meg.<\/p>\n\n\n\n<p><strong>6.\u2005\u00a7<\/strong>&nbsp;[<strong>A gazd\u00e1lkod\u00e1s szab\u00e1lyai<\/strong>]<\/p>\n\n\n\n<p>(1)&nbsp;A k\u00f6lts\u00e9gvet\u00e9si szervek rendeletben meghat\u00e1rozott bev\u00e9teli \u00e9s kiad\u00e1si el\u0151ir\u00e1nyzatai felett az int\u00e9zm\u00e9nyek vezet\u0151i el\u0151ir\u00e1nyzat-felhaszn\u00e1l\u00e1si jogk\u00f6rrel rendelkeznek.<\/p>\n\n\n\n<p>(2)&nbsp;A k\u00f6lts\u00e9gvet\u00e9si szervek az alapfeladatai ell\u00e1t\u00e1s\u00e1t szolg\u00e1l\u00f3 szem\u00e9lyi juttat\u00e1sokkal \u00e9s az azokhoz kapcsol\u00f3d\u00f3 j\u00e1rul\u00e9kok \u00e9s egy\u00e9b k\u00f6zterhek el\u0151ir\u00e1nyzataival minden esetben, egy\u00e9b el\u0151ir\u00e1nyzatokkal a k\u00e9pvisel\u0151-test\u00fcleti hat\u00e1rozattal elfogadott munkamegoszt\u00e1si meg\u00e1llapod\u00e1sban foglaltaknak megfelel\u0151en rendelkezik.<\/p>\n\n\n\n<p>(3)&nbsp;Valamennyi k\u00f6lts\u00e9gvet\u00e9si szerv vezet\u0151je k\u00f6teles bels\u0151 szab\u00e1lyzatban r\u00f6gz\u00edteni a m\u0171k\u00f6d\u00e9shez, gazd\u00e1lkod\u00e1shoz kapcsol\u00f3d\u00f3an a gazd\u00e1lkod\u00e1s vitel\u00e9t meghat\u00e1roz\u00f3 szab\u00e1lyokat, a mindenkor \u00e9rv\u00e9nyes k\u00f6zponti szab\u00e1lyoz\u00e1s figyelembe v\u00e9tel\u00e9vel, illetve a sz\u00fcks\u00e9ges m\u00f3dos\u00edt\u00e1sokat v\u00e9grehajtani. A szab\u00e1lyoz\u00e1sbeli hi\u00e1nyoss\u00e1g\u00e9rt, a felel\u0151ss\u00e9g a mindenkori int\u00e9zm\u00e9nyvezet\u0151t terheli.<\/p>\n\n\n\n<p>(4)&nbsp;A polg\u00e1rmesteri (\u00f6nkorm\u00e1nyzati, k\u00f6z\u00f6s) hivatal, valamint a k\u00f6lts\u00e9gvet\u00e9si szervek az \u00e9vk\u00f6zi el\u0151ir\u00e1nyzat-m\u00f3dos\u00edt\u00e1sokr\u00f3l a jegyz\u0151 \u00e1ltal elrendelt form\u00e1ban k\u00f6telesek naprak\u00e9sz nyilv\u00e1ntart\u00e1st vezetni.<\/p>\n\n\n\n<p><strong>7.\u2005\u00a7<\/strong>&nbsp;[<strong>A k\u00f6lts\u00e9gvet\u00e9s v\u00e9grehajt\u00e1s\u00e1nak ellen\u0151rz\u00e9se<\/strong>]<\/p>\n\n\n\n<p>(1)&nbsp;Az \u00f6nkorm\u00e1nyzati k\u00f6lts\u00e9gvet\u00e9si szervek ellen\u0151rz\u00e9se a bels\u0151 kontrollrendszer keret\u00e9ben val\u00f3sul meg, melynek l\u00e9trehoz\u00e1s\u00e1\u00e9rt, m\u0171k\u00f6dtet\u00e9s\u00e9rt \u00e9s tov\u00e1bbfejleszt\u00e9s\u00e9\u00e9rt az \u00f6nkorm\u00e1nyzat eset\u00e9ben a jegyz\u0151, az int\u00e9zm\u00e9nyek eset\u00e9ben az int\u00e9zm\u00e9nyvezet\u0151 felel\u0151s.<\/p>\n\n\n\n<p>(2)&nbsp;Az \u00d6nkorm\u00e1nyzat a bels\u0151 ellen\u0151rz\u00e9s kialak\u00edt\u00e1s\u00e1r\u00f3l k\u00fcls\u0151 szak\u00e9rt\u0151 bevon\u00e1s\u00e1val gondoskodik. A megfelel\u0151 m\u0171k\u00f6dtet\u00e9sr\u0151l \u00e9s a f\u00fcggetlens\u00e9g biztos\u00edt\u00e1s\u00e1r\u00f3l a jegyz\u0151 k\u00f6teles gondoskodni.<\/p>\n\n\n\n<p><strong>8.\u2005\u00a7<\/strong>&nbsp;[ Vegyes rendelkez\u00e9sek]<\/p>\n\n\n\n<p>E rendelet rendelkez\u00e9seit 2024. janu\u00e1r 1. napj\u00e1t\u00f3l kell alkalmazni.<\/p>\n\n\n\n<p><strong>9.\u2005\u00a7<\/strong>&nbsp;[ Z\u00e1r\u00f3 rendelkez\u00e9sek]<\/p>\n\n\n\n<p>Ez a rendelet 2024. febru\u00e1r 9-\u00e9n l\u00e9p hat\u00e1lyba.<\/p>\n\n\n\n<p><a href=\"https:\/\/or.njt.hu\/download\/1067\/resources\/EJR_94363538-1._mell_klet.pdf\" target=\"_blank\" rel=\"noreferrer noopener\"><\/a><\/p>\n\n\n\n<p><a href=\"https:\/\/or.njt.hu\/download\/1067\/resources\/EJR_94363538-1._mell_klet.pdf\" target=\"_blank\" rel=\"noreferrer noopener\">1. mell\u00e9klet a 2\/2024. (II. 8.) \u00f6nkorm\u00e1nyzati rendelethez<sup>2<\/sup><\/a><\/p>\n\n\n\n<p><a href=\"https:\/\/or.njt.hu\/download\/1067\/resources\/EJR_94363540-2._mell_klet.pdf\" target=\"_blank\" rel=\"noreferrer noopener\"><\/a><\/p>\n\n\n\n<p><a href=\"https:\/\/or.njt.hu\/download\/1067\/resources\/EJR_94363540-2._mell_klet.pdf\" target=\"_blank\" rel=\"noreferrer noopener\">2. mell\u00e9klet a 2\/2024. (II. 8.) \u00f6nkorm\u00e1nyzati rendelethez<sup>3<\/sup><\/a><\/p>\n\n\n\n<p><a href=\"https:\/\/or.njt.hu\/download\/1067\/resources\/EJR_66791787-3_mell_klet.pdf\" target=\"_blank\" rel=\"noreferrer noopener\"><\/a><\/p>\n\n\n\n<p><a href=\"https:\/\/or.njt.hu\/download\/1067\/resources\/EJR_66791787-3_mell_klet.pdf\" target=\"_blank\" rel=\"noreferrer noopener\">3. mell\u00e9klet a 2\/2024. (II. 8.) \u00f6nkorm\u00e1nyzati rendelethez<\/a><\/p>\n\n\n\n<p><a href=\"https:\/\/or.njt.hu\/download\/1067\/resources\/EJR_66791797-4_mell_klet.pdf\" target=\"_blank\" rel=\"noreferrer noopener\"><\/a><\/p>\n\n\n\n<p><a href=\"https:\/\/or.njt.hu\/download\/1067\/resources\/EJR_66791797-4_mell_klet.pdf\" target=\"_blank\" rel=\"noreferrer noopener\">4. mell\u00e9klet a 2\/2024. (II. 8.) \u00f6nkorm\u00e1nyzati rendelethez<\/a><\/p>\n\n\n\n<p><a href=\"https:\/\/or.njt.hu\/download\/1067\/resources\/EJR_66792057-5_mell_klet.pdf\" target=\"_blank\" rel=\"noreferrer noopener\"><\/a><\/p>\n\n\n\n<p><a href=\"https:\/\/or.njt.hu\/download\/1067\/resources\/EJR_66792057-5_mell_klet.pdf\" target=\"_blank\" rel=\"noreferrer noopener\">5. mell\u00e9klet a 2\/2024. (II. 8.) \u00f6nkorm\u00e1nyzati rendelethez<\/a><\/p>\n\n\n\n<p><a href=\"https:\/\/or.njt.hu\/download\/1067\/resources\/EJR_94363541-3._mell_klet.pdf\" target=\"_blank\" rel=\"noreferrer noopener\"><\/a><\/p>\n\n\n\n<p><a href=\"https:\/\/or.njt.hu\/download\/1067\/resources\/EJR_94363541-3._mell_klet.pdf\" target=\"_blank\" rel=\"noreferrer noopener\">6. mell\u00e9klet a 2\/2024. (II. 8.) \u00f6nkorm\u00e1nyzati rendelethez<sup>4<\/sup><\/a><\/p>\n\n\n\n<p><a href=\"https:\/\/or.njt.hu\/download\/1067\/resources\/EJR_94363542-4._mell_klet.pdf\" target=\"_blank\" rel=\"noreferrer noopener\"><\/a><\/p>\n\n\n\n<p><a href=\"https:\/\/or.njt.hu\/download\/1067\/resources\/EJR_94363542-4._mell_klet.pdf\" target=\"_blank\" rel=\"noreferrer noopener\">7. mell\u00e9klet a 2\/2024. (II. 8.) \u00f6nkorm\u00e1nyzati rendelethez<sup>5<\/sup><\/a><\/p>\n\n\n\n<p><a href=\"https:\/\/or.njt.hu\/download\/1067\/resources\/EJR_94363543-5._mell_klet.pdf\" target=\"_blank\" rel=\"noreferrer noopener\"><\/a><\/p>\n\n\n\n<p><a href=\"https:\/\/or.njt.hu\/download\/1067\/resources\/EJR_94363543-5._mell_klet.pdf\" target=\"_blank\" rel=\"noreferrer noopener\">8. mell\u00e9klet a 2\/2024. (II. 8.) \u00f6nkorm\u00e1nyzati rendelethez<sup>6<\/sup><\/a><\/p>\n\n\n\n<p><a href=\"https:\/\/or.njt.hu\/download\/1067\/resources\/EJR_94363544-6._mell_klet.pdf\" target=\"_blank\" rel=\"noreferrer noopener\"><\/a><\/p>\n\n\n\n<p><a href=\"https:\/\/or.njt.hu\/download\/1067\/resources\/EJR_94363544-6._mell_klet.pdf\" target=\"_blank\" rel=\"noreferrer noopener\">9. mell\u00e9klet a 2\/2024. (II. 8.) \u00f6nkorm\u00e1nyzati rendelethez<sup>7<\/sup><\/a><\/p>\n\n\n\n<p><a href=\"https:\/\/or.njt.hu\/download\/1067\/resources\/EJR_66792088-10_mell_klet.pdf\" target=\"_blank\" rel=\"noreferrer noopener\"><\/a><\/p>\n\n\n\n<p><a href=\"https:\/\/or.njt.hu\/download\/1067\/resources\/EJR_66792088-10_mell_klet.pdf\" target=\"_blank\" rel=\"noreferrer noopener\">10. mell\u00e9klet a 2\/2024. (II. 8.) \u00f6nkorm\u00e1nyzati rendelethez<\/a><\/p>\n\n\n\n<p><a href=\"https:\/\/or.njt.hu\/download\/1067\/resources\/EJR_94363546-7._mell_klet.pdf\" target=\"_blank\" rel=\"noreferrer noopener\"><\/a><\/p>\n\n\n\n<p><a href=\"https:\/\/or.njt.hu\/download\/1067\/resources\/EJR_94363546-7._mell_klet.pdf\" target=\"_blank\" rel=\"noreferrer noopener\">11. mell\u00e9klet a 2\/2024. (II. 8.) \u00f6nkorm\u00e1nyzati rendelethez<sup>8<\/sup><\/a><\/p>\n\n\n\n<p><a href=\"https:\/\/or.njt.hu\/download\/1067\/resources\/EJR_79156184-8.sz.mell_klet.pdf\" target=\"_blank\" rel=\"noreferrer noopener\"><\/a><\/p>\n\n\n\n<p><a href=\"https:\/\/or.njt.hu\/download\/1067\/resources\/EJR_79156184-8.sz.mell_klet.pdf\" target=\"_blank\" rel=\"noreferrer noopener\">12. mell\u00e9klet a 2\/2024. (II. 8.) \u00f6nkorm\u00e1nyzati rendelethez<sup>9<\/sup><\/a><\/p>\n\n\n\n<p><\/p>\n","protected":false},"excerpt":{"rendered":"<p>Az \u00f6nkorm\u00e1nyzat 2024. \u00e9vi k\u00f6lts\u00e9gvet\u00e9s\u00e9r\u0151l &nbsp;Hat\u00e1lyos: 2025. 05. 23 Mez\u0151zombor K\u00f6zs\u00e9g \u00d6nkorm\u00e1nyzat\u00e1nak K\u00e9pvisel\u0151-test\u00fclete&nbsp;az Alapt\u00f6rv\u00e9ny 32. cikk (2) bekezd\u00e9s\u00e9ben meghat\u00e1rozott eredeti&hellip;<\/p>\n","protected":false},"author":1,"featured_media":0,"parent":0,"menu_order":0,"comment_status":"closed","ping_status":"closed","template":"","meta":{"footnotes":""},"class_list":["post-930","page","type-page","status-publish","hentry"],"_links":{"self":[{"href":"https:\/\/mezozombor.hu\/index.php?rest_route=\/wp\/v2\/pages\/930","targetHints":{"allow":["GET"]}}],"collection":[{"href":"https:\/\/mezozombor.hu\/index.php?rest_route=\/wp\/v2\/pages"}],"about":[{"href":"https:\/\/mezozombor.hu\/index.php?rest_route=\/wp\/v2\/types\/page"}],"author":[{"embeddable":true,"href":"https:\/\/mezozombor.hu\/index.php?rest_route=\/wp\/v2\/users\/1"}],"replies":[{"embeddable":true,"href":"https:\/\/mezozombor.hu\/index.php?rest_route=%2Fwp%2Fv2%2Fcomments&post=930"}],"version-history":[{"count":1,"href":"https:\/\/mezozombor.hu\/index.php?rest_route=\/wp\/v2\/pages\/930\/revisions"}],"predecessor-version":[{"id":931,"href":"https:\/\/mezozombor.hu\/index.php?rest_route=\/wp\/v2\/pages\/930\/revisions\/931"}],"wp:attachment":[{"href":"https:\/\/mezozombor.hu\/index.php?rest_route=%2Fwp%2Fv2%2Fmedia&parent=930"}],"curies":[{"name":"wp","href":"https:\/\/api.w.org\/{rel}","templated":true}]}}