{"id":179,"date":"2023-10-26T12:38:57","date_gmt":"2023-10-26T12:38:57","guid":{"rendered":"https:\/\/mezozombor.hu\/?page_id=179"},"modified":"2025-01-30T11:22:18","modified_gmt":"2025-01-30T11:22:18","slug":"kozvilagitas-hibabejelento","status":"publish","type":"page","link":"https:\/\/mezozombor.hu\/?page_id=179","title":{"rendered":"K\u00f6zvil\u00e1g\u00edt\u00e1s Hibabejelent\u0151"},"content":{"rendered":"\n<div class=\"kozvil-widget loader\" data-key=\"lK5dz4vKKTISn0VnhHnomhx5\"><\/div>\n\n<script async type=\"text\/javascript\" src=\"https:\/\/hibabejelento.kozvil.hu\/widget\/init.min.js\"><\/script>\n","protected":false},"excerpt":{"rendered":"","protected":false},"author":1,"featured_media":0,"parent":0,"menu_order":0,"comment_status":"closed","ping_status":"closed","template":"","meta":{"footnotes":""},"class_list":["post-179","page","type-page","status-publish","hentry"],"_links":{"self":[{"href":"https:\/\/mezozombor.hu\/index.php?rest_route=\/wp\/v2\/pages\/179","targetHints":{"allow":["GET"]}}],"collection":[{"href":"https:\/\/mezozombor.hu\/index.php?rest_route=\/wp\/v2\/pages"}],"about":[{"href":"https:\/\/mezozombor.hu\/index.php?rest_route=\/wp\/v2\/types\/page"}],"author":[{"embeddable":true,"href":"https:\/\/mezozombor.hu\/index.php?rest_route=\/wp\/v2\/users\/1"}],"replies":[{"embeddable":true,"href":"https:\/\/mezozombor.hu\/index.php?rest_route=%2Fwp%2Fv2%2Fcomments&post=179"}],"version-history":[{"count":3,"href":"https:\/\/mezozombor.hu\/index.php?rest_route=\/wp\/v2\/pages\/179\/revisions"}],"predecessor-version":[{"id":612,"href":"https:\/\/mezozombor.hu\/index.php?rest_route=\/wp\/v2\/pages\/179\/revisions\/612"}],"wp:attachment":[{"href":"https:\/\/mezozombor.hu\/index.php?rest_route=%2Fwp%2Fv2%2Fmedia&parent=179"}],"curies":[{"name":"wp","href":"https:\/\/api.w.org\/{rel}","templated":true}]}}