{"id":167,"date":"2023-10-24T07:53:40","date_gmt":"2023-10-24T07:53:40","guid":{"rendered":"https:\/\/mezozombor.hu\/?page_id=167"},"modified":"2025-01-30T11:16:15","modified_gmt":"2025-01-30T11:16:15","slug":"valasztas-2024","status":"publish","type":"page","link":"https:\/\/mezozombor.hu\/?page_id=167","title":{"rendered":"V\u00e1laszt\u00e1s 2024"},"content":{"rendered":"\n<div data-wp-interactive=\"core\/file\" class=\"wp-block-file\"><object data-wp-bind--hidden=\"!state.hasPdfPreview\" hidden class=\"wp-block-file__embed\" data=\"https:\/\/mezozombor.hu\/wp-content\/uploads\/2023\/10\/valasztasi_hatarozat.pdf\" type=\"application\/pdf\" style=\"width:100%;height:600px\" aria-label=\"V\u00e1laszt\u00e1si Hat\u00e1rozat be\u00e1gyaz\u00e1sa\"><\/object><a id=\"wp-block-file--media-8320c9e5-0690-4a46-a3a4-985a2e595294\" href=\"https:\/\/mezozombor.hu\/wp-content\/uploads\/2023\/10\/valasztasi_hatarozat.pdf\">V\u00e1laszt\u00e1si Hat\u00e1rozat<\/a><a href=\"https:\/\/mezozombor.hu\/wp-content\/uploads\/2023\/10\/valasztasi_hatarozat.pdf\" class=\"wp-block-file__button wp-element-button\" download aria-describedby=\"wp-block-file--media-8320c9e5-0690-4a46-a3a4-985a2e595294\">Let\u00f6lt\u00e9s<\/a><\/div>\n","protected":false},"excerpt":{"rendered":"","protected":false},"author":1,"featured_media":0,"parent":0,"menu_order":0,"comment_status":"closed","ping_status":"closed","template":"","meta":{"footnotes":""},"class_list":["post-167","page","type-page","status-publish","hentry"],"_links":{"self":[{"href":"https:\/\/mezozombor.hu\/index.php?rest_route=\/wp\/v2\/pages\/167","targetHints":{"allow":["GET"]}}],"collection":[{"href":"https:\/\/mezozombor.hu\/index.php?rest_route=\/wp\/v2\/pages"}],"about":[{"href":"https:\/\/mezozombor.hu\/index.php?rest_route=\/wp\/v2\/types\/page"}],"author":[{"embeddable":true,"href":"https:\/\/mezozombor.hu\/index.php?rest_route=\/wp\/v2\/users\/1"}],"replies":[{"embeddable":true,"href":"https:\/\/mezozombor.hu\/index.php?rest_route=%2Fwp%2Fv2%2Fcomments&post=167"}],"version-history":[{"count":2,"href":"https:\/\/mezozombor.hu\/index.php?rest_route=\/wp\/v2\/pages\/167\/revisions"}],"predecessor-version":[{"id":599,"href":"https:\/\/mezozombor.hu\/index.php?rest_route=\/wp\/v2\/pages\/167\/revisions\/599"}],"wp:attachment":[{"href":"https:\/\/mezozombor.hu\/index.php?rest_route=%2Fwp%2Fv2%2Fmedia&parent=167"}],"curies":[{"name":"wp","href":"https:\/\/api.w.org\/{rel}","templated":true}]}}