{"id":145,"date":"2023-10-11T10:44:26","date_gmt":"2023-10-11T10:44:26","guid":{"rendered":"https:\/\/mezozombor.hu\/?page_id=145"},"modified":"2025-01-30T11:20:34","modified_gmt":"2025-01-30T11:20:34","slug":"e-onkormanyzat","status":"publish","type":"page","link":"https:\/\/mezozombor.hu\/?page_id=145","title":{"rendered":"E-\u00d6nkorm\u00e1nyzat"},"content":{"rendered":"\n<h1 class=\"wp-block-heading has-text-align-center\">Elektronikus Fizet\u00e9si Szolg\u00e1ltat\u00e1s&nbsp;<br>t\u00e1j\u00e9koztat\u00f3<\/h1>\n\n\n\n<p>Az \u00f6nkorm\u00e1nyzati ASP rendszer tov\u00e1bbfejleszt\u00e9se \u00e9s orsz\u00e1gos kiterjeszt\u00e9se (ASP 2.0) elnevez\u00e9s\u0171 projekt fejleszt\u00e9seinek k\u00f6sz\u00f6nhet\u0151en m\u00e1r az \u00d6n\u00f6k sz\u00e1m\u00e1ra is el\u00e9rhet\u0151 az ad\u00f3-, d\u00edj- \u00e9s illet\u00e9kfizet\u00e9si k\u00f6telezetts\u00e9gek online lek\u00e9rdez\u00e9se \u00e9s befizet\u00e9se.<\/p>\n\n\n\n<p>A&nbsp;<a href=\"https:\/\/e-onkormanyzat.gov.hu\/\" target=\"_blank\" rel=\"noreferrer noopener\">https:\/\/e-onkormanyzat.gov.hu<\/a>&nbsp;oldalra kattintva az \u00fcgyf\u00e9l a kiv\u00e1lasztott \u00f6nkorm\u00e1nyzathoz tartoz\u00f3 ad\u00f3-, d\u00edj- \u00e9s illet\u00e9kfizet\u00e9si k\u00f6telezetts\u00e9g\u00e9t (pl. g\u00e9pj\u00e1rm\u0171ad\u00f3, kommun\u00e1lis ad\u00f3, telekad\u00f3, \u00e9p\u00edtm\u00e9nyad\u00f3) elektronikus \u00faton teljes\u00edtheti, az interneten kereszt\u00fcli bankk\u00e1rty\u00e1s fizet\u00e9s seg\u00edts\u00e9g\u00e9vel.<\/p>\n\n\n\n<p>Az Elektronikus Fizet\u00e9si szolg\u00e1ltat\u00e1s ig\u00e9nybev\u00e9tel\u00e9hez KA\u00dc bejelentkez\u00e9s (pl. \u00fcgyf\u00e9lkapus azonos\u00edt\u00f3) sz\u00fcks\u00e9ges, \u00e9s egy tranzakci\u00f3val ak\u00e1r t\u00f6bb ad\u00f3sz\u00e1ml\u00e1n fenn\u00e1ll\u00f3 tartoz\u00e1s is befizethet\u0151.<\/p>\n\n\n\n<p>T\u00e1j\u00e9koztatjuk tov\u00e1bb\u00e1 \u00d6n\u00f6ket, hogy a sikeres fizet\u00e9seket k\u00f6vet\u0151en a bankok \u00e1ltal k\u00fcld\u00f6tt visszaigazol\u00f3 SMS tartalm\u00e1ra nincs r\u00e1hat\u00e1sunk. Az SMS-ben esetlegesen el\u0151fordul\u00f3 Budapest v\u00e1rosn\u00e9v a Magyar \u00c1llamkincst\u00e1r sz\u00e9khely\u00e9re utal, nem a kedvezm\u00e9nyezett \u00f6nkorm\u00e1nyzatra.<\/p>\n\n\n\n<p class=\"has-text-align-center has-large-font-size\"><strong>T\u00e1j\u00e9koztat\u00f3 e-\u00f6nkorm\u00e1nyzat<\/strong><\/p>\n\n\n\n<div class=\"wp-block-cb-carousel cb-single-slide\" data-slick=\"{&quot;slidesToShow&quot;:1,&quot;slidesToScroll&quot;:1,&quot;speed&quot;:300,&quot;arrows&quot;:true,&quot;dots&quot;:true,&quot;autoplay&quot;:false,&quot;autoplaySpeed&quot;:3000,&quot;infinite&quot;:true,&quot;rtl&quot;:false,&quot;responsive&quot;:[{&quot;breakpoint&quot;:769,&quot;settings&quot;:{&quot;slidesToShow&quot;:1,&quot;slidesToScroll&quot;:1}}]}\">\n<div class=\"wp-block-cb-slide\">\n<figure class=\"wp-block-embed is-type-video is-provider-youtube wp-block-embed-youtube wp-embed-aspect-16-9 wp-has-aspect-ratio\"><div class=\"wp-block-embed__wrapper\">\n<iframe loading=\"lazy\" title=\"\u00d6nkorm\u00e1nyzati \u00fcgyint\u00e9z\u00e9s b\u00e1rhol, b\u00e1rmikor - 1.\" width=\"640\" height=\"360\" src=\"https:\/\/www.youtube.com\/embed\/HUVBW-I4KpQ?feature=oembed\" frameborder=\"0\" allow=\"accelerometer; autoplay; clipboard-write; encrypted-media; gyroscope; picture-in-picture; web-share\" referrerpolicy=\"strict-origin-when-cross-origin\" allowfullscreen><\/iframe>\n<\/div><\/figure>\n<\/div>\n\n\n\n<div class=\"wp-block-cb-slide\">\n<figure class=\"wp-block-embed is-type-video is-provider-youtube wp-block-embed-youtube wp-embed-aspect-16-9 wp-has-aspect-ratio\"><div class=\"wp-block-embed__wrapper\">\n<iframe loading=\"lazy\" title=\"\u00d6nkorm\u00e1nyzati \u00fcgyint\u00e9z\u00e9s b\u00e1rhol, b\u00e1rmikor - 2.\" width=\"640\" height=\"360\" src=\"https:\/\/www.youtube.com\/embed\/SVrS8mKM5As?feature=oembed\" frameborder=\"0\" allow=\"accelerometer; autoplay; clipboard-write; encrypted-media; gyroscope; picture-in-picture; web-share\" referrerpolicy=\"strict-origin-when-cross-origin\" allowfullscreen><\/iframe>\n<\/div><\/figure>\n<\/div>\n\n\n\n<div class=\"wp-block-cb-slide\">\n<figure class=\"wp-block-embed is-type-video is-provider-youtube wp-block-embed-youtube wp-embed-aspect-16-9 wp-has-aspect-ratio\"><div class=\"wp-block-embed__wrapper\">\n<iframe loading=\"lazy\" title=\"\u00d6nkorm\u00e1nyzati \u00fcgyint\u00e9z\u00e9s b\u00e1rhol, b\u00e1rmikor - 3.\" width=\"640\" height=\"360\" src=\"https:\/\/www.youtube.com\/embed\/CozRxAKvsNU?feature=oembed\" frameborder=\"0\" allow=\"accelerometer; autoplay; clipboard-write; encrypted-media; gyroscope; picture-in-picture; web-share\" referrerpolicy=\"strict-origin-when-cross-origin\" allowfullscreen><\/iframe>\n<\/div><\/figure>\n<\/div>\n\n\n\n<div class=\"wp-block-cb-slide\">\n<figure class=\"wp-block-embed is-type-video is-provider-youtube wp-block-embed-youtube wp-embed-aspect-16-9 wp-has-aspect-ratio\"><div class=\"wp-block-embed__wrapper\">\n<iframe loading=\"lazy\" title=\"\u00d6nkorm\u00e1nyzati \u00fcgyint\u00e9z\u00e9s b\u00e1rhol, b\u00e1rmikor - 4.\" width=\"640\" height=\"360\" src=\"https:\/\/www.youtube.com\/embed\/ZBJ-tAHXKXE?feature=oembed\" frameborder=\"0\" allow=\"accelerometer; autoplay; clipboard-write; encrypted-media; gyroscope; picture-in-picture; web-share\" referrerpolicy=\"strict-origin-when-cross-origin\" allowfullscreen><\/iframe>\n<\/div><\/figure>\n<\/div>\n\n\n\n<div class=\"wp-block-cb-slide\">\n<figure class=\"wp-block-embed is-type-video is-provider-youtube wp-block-embed-youtube wp-embed-aspect-16-9 wp-has-aspect-ratio\"><div class=\"wp-block-embed__wrapper\">\n<iframe loading=\"lazy\" title=\"\u00d6nkorm\u00e1nyzati \u00fcgyint\u00e9z\u00e9s b\u00e1rhol, b\u00e1rmikor - 5.\" width=\"640\" height=\"360\" src=\"https:\/\/www.youtube.com\/embed\/txf1V52_ilY?feature=oembed\" frameborder=\"0\" allow=\"accelerometer; autoplay; clipboard-write; encrypted-media; gyroscope; picture-in-picture; web-share\" referrerpolicy=\"strict-origin-when-cross-origin\" allowfullscreen><\/iframe>\n<\/div><\/figure>\n<\/div>\n\n\n\n<div class=\"wp-block-cb-slide\">\n<figure class=\"wp-block-embed is-type-video is-provider-youtube wp-block-embed-youtube wp-embed-aspect-16-9 wp-has-aspect-ratio\"><div class=\"wp-block-embed__wrapper\">\n<iframe loading=\"lazy\" title=\"\u00d6nkorm\u00e1nyzati \u00fcgyint\u00e9z\u00e9s b\u00e1rhol, b\u00e1rmikor - 6.\" width=\"640\" height=\"360\" src=\"https:\/\/www.youtube.com\/embed\/VD1WFLI__WU?feature=oembed\" frameborder=\"0\" allow=\"accelerometer; autoplay; clipboard-write; encrypted-media; gyroscope; picture-in-picture; web-share\" referrerpolicy=\"strict-origin-when-cross-origin\" allowfullscreen><\/iframe>\n<\/div><\/figure>\n<\/div>\n\n\n\n<div class=\"wp-block-cb-slide\">\n<figure class=\"wp-block-embed is-type-video is-provider-youtube wp-block-embed-youtube wp-embed-aspect-16-9 wp-has-aspect-ratio\"><div class=\"wp-block-embed__wrapper\">\n<iframe loading=\"lazy\" title=\"\u00d6nkorm\u00e1nyzati \u00fcgyint\u00e9z\u00e9s b\u00e1rhol, b\u00e1rmikor - 7.\" width=\"640\" height=\"360\" src=\"https:\/\/www.youtube.com\/embed\/p0ge6K_Mjsg?feature=oembed\" frameborder=\"0\" allow=\"accelerometer; autoplay; clipboard-write; encrypted-media; gyroscope; picture-in-picture; web-share\" referrerpolicy=\"strict-origin-when-cross-origin\" allowfullscreen><\/iframe>\n<\/div><\/figure>\n<\/div>\n<\/div>\n","protected":false},"excerpt":{"rendered":"<p>Elektronikus Fizet\u00e9si Szolg\u00e1ltat\u00e1s&nbsp;t\u00e1j\u00e9koztat\u00f3 Az \u00f6nkorm\u00e1nyzati ASP rendszer tov\u00e1bbfejleszt\u00e9se \u00e9s orsz\u00e1gos kiterjeszt\u00e9se (ASP 2.0) elnevez\u00e9s\u0171 projekt fejleszt\u00e9seinek k\u00f6sz\u00f6nhet\u0151en m\u00e1r az \u00d6n\u00f6k&hellip;<\/p>\n","protected":false},"author":1,"featured_media":0,"parent":0,"menu_order":0,"comment_status":"closed","ping_status":"closed","template":"","meta":{"footnotes":""},"class_list":["post-145","page","type-page","status-publish","hentry"],"_links":{"self":[{"href":"https:\/\/mezozombor.hu\/index.php?rest_route=\/wp\/v2\/pages\/145","targetHints":{"allow":["GET"]}}],"collection":[{"href":"https:\/\/mezozombor.hu\/index.php?rest_route=\/wp\/v2\/pages"}],"about":[{"href":"https:\/\/mezozombor.hu\/index.php?rest_route=\/wp\/v2\/types\/page"}],"author":[{"embeddable":true,"href":"https:\/\/mezozombor.hu\/index.php?rest_route=\/wp\/v2\/users\/1"}],"replies":[{"embeddable":true,"href":"https:\/\/mezozombor.hu\/index.php?rest_route=%2Fwp%2Fv2%2Fcomments&post=145"}],"version-history":[{"count":3,"href":"https:\/\/mezozombor.hu\/index.php?rest_route=\/wp\/v2\/pages\/145\/revisions"}],"predecessor-version":[{"id":606,"href":"https:\/\/mezozombor.hu\/index.php?rest_route=\/wp\/v2\/pages\/145\/revisions\/606"}],"wp:attachment":[{"href":"https:\/\/mezozombor.hu\/index.php?rest_route=%2Fwp%2Fv2%2Fmedia&parent=145"}],"curies":[{"name":"wp","href":"https:\/\/api.w.org\/{rel}","templated":true}]}}