{"id":1275,"date":"2026-03-19T10:47:29","date_gmt":"2026-03-19T09:47:29","guid":{"rendered":"https:\/\/mezozombor.hu\/?page_id=1275"},"modified":"2026-03-19T10:47:29","modified_gmt":"2026-03-19T09:47:29","slug":"valasztasi-szervek-2","status":"publish","type":"page","link":"https:\/\/mezozombor.hu\/?page_id=1275","title":{"rendered":"V\u00e1laszt\u00e1si Szervek"},"content":{"rendered":"\n<p><strong>V\u00e1laszt\u00e1si iroda<\/strong><\/p>\n\n\n\n<p>Vezet\u0151je: dr. S\u00e1vel Kata<br>C\u00edme, el\u00e9rhet\u0151s\u00e9ge:<br>3931 Mez\u0151zombor, \u00c1rp\u00e1d utca 11.<br>+36\/47-369-128 hivatal@mezozombor.hu<\/p>\n\n\n\n<p><strong>V\u00e1laszt\u00e1si bizotts\u00e1g<\/strong><\/p>\n\n\n\n<p>Tagjai:<br>Eln\u00f6k: Ocsen\u00e1sn\u00e9 Vask\u00f3 D\u00f3ra<br>Eln\u00f6khelyettes: Jakab Norbert<br>T\u00f3thn\u00e9 Dendel Zsuzsanna<\/p>\n\n\n\n<p>P\u00f3ttagok:<br>Tvergy\u00e1k P\u00e9ter<br>Nov\u00e1kn\u00e9 K\u00f6rmendi Be\u00e1ta<\/p>\n\n\n\n<p>C\u00edme, el\u00e9rhet\u0151s\u00e9ge:<br>3931 Mez\u0151zombor, \u00c1rp\u00e1d utca 11.<br>+36\/47-369-128 hivatal@mezozombor.hu<\/p>\n","protected":false},"excerpt":{"rendered":"<p>V\u00e1laszt\u00e1si iroda Vezet\u0151je: dr. S\u00e1vel KataC\u00edme, el\u00e9rhet\u0151s\u00e9ge:3931 Mez\u0151zombor, \u00c1rp\u00e1d utca 11.+36\/47-369-128 hivatal@mezozombor.hu V\u00e1laszt\u00e1si bizotts\u00e1g Tagjai:Eln\u00f6k: Ocsen\u00e1sn\u00e9 Vask\u00f3 D\u00f3raEln\u00f6khelyettes: Jakab NorbertT\u00f3thn\u00e9&hellip;<\/p>\n","protected":false},"author":1,"featured_media":0,"parent":0,"menu_order":0,"comment_status":"closed","ping_status":"closed","template":"","meta":{"footnotes":""},"class_list":["post-1275","page","type-page","status-publish","hentry"],"_links":{"self":[{"href":"https:\/\/mezozombor.hu\/index.php?rest_route=\/wp\/v2\/pages\/1275","targetHints":{"allow":["GET"]}}],"collection":[{"href":"https:\/\/mezozombor.hu\/index.php?rest_route=\/wp\/v2\/pages"}],"about":[{"href":"https:\/\/mezozombor.hu\/index.php?rest_route=\/wp\/v2\/types\/page"}],"author":[{"embeddable":true,"href":"https:\/\/mezozombor.hu\/index.php?rest_route=\/wp\/v2\/users\/1"}],"replies":[{"embeddable":true,"href":"https:\/\/mezozombor.hu\/index.php?rest_route=%2Fwp%2Fv2%2Fcomments&post=1275"}],"version-history":[{"count":1,"href":"https:\/\/mezozombor.hu\/index.php?rest_route=\/wp\/v2\/pages\/1275\/revisions"}],"predecessor-version":[{"id":1276,"href":"https:\/\/mezozombor.hu\/index.php?rest_route=\/wp\/v2\/pages\/1275\/revisions\/1276"}],"wp:attachment":[{"href":"https:\/\/mezozombor.hu\/index.php?rest_route=%2Fwp%2Fv2%2Fmedia&parent=1275"}],"curies":[{"name":"wp","href":"https:\/\/api.w.org\/{rel}","templated":true}]}}