{"id":1250,"date":"2026-02-12T15:35:53","date_gmt":"2026-02-12T14:35:53","guid":{"rendered":"https:\/\/mezozombor.hu\/?page_id=1250"},"modified":"2026-02-12T15:35:53","modified_gmt":"2026-02-12T14:35:53","slug":"termeloi-piac-letrehozasa","status":"publish","type":"page","link":"https:\/\/mezozombor.hu\/?page_id=1250","title":{"rendered":"Termel\u0151i Piac L\u00e9trehoz\u00e1sa"},"content":{"rendered":"\n<figure class=\"wp-block-image size-full\"><img loading=\"lazy\" decoding=\"async\" width=\"916\" height=\"747\" src=\"https:\/\/mezozombor.hu\/wp-content\/uploads\/2026\/02\/C-tabla2.png\" alt=\"\" class=\"wp-image-1251\" srcset=\"https:\/\/mezozombor.hu\/wp-content\/uploads\/2026\/02\/C-tabla2.png 916w, https:\/\/mezozombor.hu\/wp-content\/uploads\/2026\/02\/C-tabla2-300x245.png 300w, https:\/\/mezozombor.hu\/wp-content\/uploads\/2026\/02\/C-tabla2-768x626.png 768w\" sizes=\"auto, (max-width: 916px) 100vw, 916px\" \/><\/figure>\n","protected":false},"excerpt":{"rendered":"","protected":false},"author":1,"featured_media":0,"parent":0,"menu_order":0,"comment_status":"closed","ping_status":"closed","template":"","meta":{"footnotes":""},"class_list":["post-1250","page","type-page","status-publish","hentry"],"_links":{"self":[{"href":"https:\/\/mezozombor.hu\/index.php?rest_route=\/wp\/v2\/pages\/1250","targetHints":{"allow":["GET"]}}],"collection":[{"href":"https:\/\/mezozombor.hu\/index.php?rest_route=\/wp\/v2\/pages"}],"about":[{"href":"https:\/\/mezozombor.hu\/index.php?rest_route=\/wp\/v2\/types\/page"}],"author":[{"embeddable":true,"href":"https:\/\/mezozombor.hu\/index.php?rest_route=\/wp\/v2\/users\/1"}],"replies":[{"embeddable":true,"href":"https:\/\/mezozombor.hu\/index.php?rest_route=%2Fwp%2Fv2%2Fcomments&post=1250"}],"version-history":[{"count":1,"href":"https:\/\/mezozombor.hu\/index.php?rest_route=\/wp\/v2\/pages\/1250\/revisions"}],"predecessor-version":[{"id":1252,"href":"https:\/\/mezozombor.hu\/index.php?rest_route=\/wp\/v2\/pages\/1250\/revisions\/1252"}],"wp:attachment":[{"href":"https:\/\/mezozombor.hu\/index.php?rest_route=%2Fwp%2Fv2%2Fmedia&parent=1250"}],"curies":[{"name":"wp","href":"https:\/\/api.w.org\/{rel}","templated":true}]}}