{"id":1062,"date":"2026-01-20T12:17:58","date_gmt":"2026-01-20T11:17:58","guid":{"rendered":"https:\/\/mezozombor.hu\/?page_id=1062"},"modified":"2026-01-20T12:17:58","modified_gmt":"2026-01-20T11:17:58","slug":"bobita-ovoda-es-bolcsode","status":"publish","type":"page","link":"https:\/\/mezozombor.hu\/?page_id=1062","title":{"rendered":"B\u00f3bita \u00d3voda \u00e9s B\u00f6lcs\u00f6de"},"content":{"rendered":"\n<p class=\"has-text-align-center has-large-font-size\"><strong>Vezet\u0151:<br>Fazekasn\u00e9 Kov\u00e1cs Katalin<\/strong><\/p>\n\n\n\n<div class=\"wp-block-columns is-layout-flex wp-container-core-columns-is-layout-9d6595d7 wp-block-columns-is-layout-flex\">\n<div class=\"wp-block-column is-layout-flow wp-block-column-is-layout-flow\">\n<p class=\"has-text-align-center has-medium-font-size\"><strong>El\u00e9rhet\u0151s\u00e9gek<\/strong><\/p>\n\n\n\n<figure class=\"wp-block-table aligncenter is-style-stripes\"><table><tbody><tr><td>&nbsp;<i class=\"fas fa-phone\"><\/i><\/td><td>+36-47\/369-040<\/td><\/tr><tr><td><i class=\"fas fa-at\"><\/i><\/td><td><a href=\"mailto:mezozovi@freemail.hu\">mezozovi@freemail.hu<\/a><\/td><\/tr><\/tbody><\/table><\/figure>\n<\/div>\n<\/div>\n\n\n\n<p class=\"has-text-align-center\"><i class=\"fas fa-location-dot\"><\/i> 3931 Mez\u0151zombor, M\u00e1ty\u00e1s utca 23.<\/p>\n\n\n\n<p class=\"has-text-align-center\"><iframe src=\"https:\/\/www.google.com\/maps\/embed?pb=!1m18!1m12!1m3!1d2661.9285676999575!2d21.259804576140343!3d48.15018235028381!2m3!1f0!2f0!3f0!3m2!1i1024!2i768!4f13.1!3m3!1m2!1s0x473f52514f2cf521%3A0xc7b7dda27a884c6d!2zTWV6xZF6b21ib3IsIE3DoXR5w6FzIHUuIDIzLCAzOTMx!5e0!3m2!1shu!2shu!4v1697099219371!5m2!1shu!2shu\" width=\"600\" height=\"450\" style=\"border:0;\" allowfullscreen=\"\" loading=\"lazy\" referrerpolicy=\"no-referrer-when-downgrade\"><\/iframe><\/p>\n","protected":false},"excerpt":{"rendered":"<p>Vezet\u0151:Fazekasn\u00e9 Kov\u00e1cs Katalin El\u00e9rhet\u0151s\u00e9gek &nbsp; +36-47\/369-040 mezozovi@freemail.hu 3931 Mez\u0151zombor, M\u00e1ty\u00e1s utca 23.<\/p>\n","protected":false},"author":1,"featured_media":0,"parent":0,"menu_order":0,"comment_status":"closed","ping_status":"closed","template":"","meta":{"footnotes":""},"class_list":["post-1062","page","type-page","status-publish","hentry"],"_links":{"self":[{"href":"https:\/\/mezozombor.hu\/index.php?rest_route=\/wp\/v2\/pages\/1062","targetHints":{"allow":["GET"]}}],"collection":[{"href":"https:\/\/mezozombor.hu\/index.php?rest_route=\/wp\/v2\/pages"}],"about":[{"href":"https:\/\/mezozombor.hu\/index.php?rest_route=\/wp\/v2\/types\/page"}],"author":[{"embeddable":true,"href":"https:\/\/mezozombor.hu\/index.php?rest_route=\/wp\/v2\/users\/1"}],"replies":[{"embeddable":true,"href":"https:\/\/mezozombor.hu\/index.php?rest_route=%2Fwp%2Fv2%2Fcomments&post=1062"}],"version-history":[{"count":1,"href":"https:\/\/mezozombor.hu\/index.php?rest_route=\/wp\/v2\/pages\/1062\/revisions"}],"predecessor-version":[{"id":1063,"href":"https:\/\/mezozombor.hu\/index.php?rest_route=\/wp\/v2\/pages\/1062\/revisions\/1063"}],"wp:attachment":[{"href":"https:\/\/mezozombor.hu\/index.php?rest_route=%2Fwp%2Fv2%2Fmedia&parent=1062"}],"curies":[{"name":"wp","href":"https:\/\/api.w.org\/{rel}","templated":true}]}}