{"id":1059,"date":"2026-01-20T12:16:26","date_gmt":"2026-01-20T11:16:26","guid":{"rendered":"https:\/\/mezozombor.hu\/?page_id=1059"},"modified":"2026-01-20T12:16:26","modified_gmt":"2026-01-20T11:16:26","slug":"mezozombori-termeloi-piac","status":"publish","type":"page","link":"https:\/\/mezozombor.hu\/?page_id=1059","title":{"rendered":"Mez\u0151zombori Termel\u0151i Piac"},"content":{"rendered":"\n<p class=\"has-text-align-center has-large-font-size\"><strong>Kapcsolattart\u00f3:<br>Kahanyecz Enik\u0151<\/strong><\/p>\n\n\n\n<div class=\"wp-block-columns is-layout-flex wp-container-core-columns-is-layout-9d6595d7 wp-block-columns-is-layout-flex\">\n<div class=\"wp-block-column is-layout-flow wp-block-column-is-layout-flow\">\n<p class=\"has-text-align-center has-medium-font-size\"><strong>El\u00e9rhet\u0151s\u00e9gek<\/strong><\/p>\n\n\n\n<figure class=\"wp-block-table aligncenter is-style-stripes\"><table><tbody><tr><td><i class=\"fas fa-phone\"><\/i><\/td><td>+36-47\/369-128<\/td><\/tr><\/tbody><\/table><\/figure>\n<\/div>\n\n\n\n<div class=\"wp-block-column is-layout-flow wp-block-column-is-layout-flow\">\n<p class=\"has-text-align-center has-medium-font-size\"><strong>Nyitvatart\u00e1s<\/strong><\/p>\n\n\n\n<figure class=\"wp-block-table aligncenter is-style-stripes\"><table><tbody><tr><td class=\"has-text-align-right\" data-align=\"right\">H\u00e9tf\u0151:<\/td><td>6:00 \u2013 12:00<\/td><\/tr><tr><td class=\"has-text-align-right\" data-align=\"right\">Kedd:<\/td><td>6:00 \u2013 12:00<\/td><\/tr><tr><td class=\"has-text-align-right\" data-align=\"right\">Szerda:<\/td><td>6:00 \u2013 12:00<\/td><\/tr><tr><td class=\"has-text-align-right\" data-align=\"right\">Cs\u00fct\u00f6rt\u00f6k:<\/td><td>6:00 \u2013 12:00<\/td><\/tr><tr><td class=\"has-text-align-right\" data-align=\"right\">P\u00e9ntek:<\/td><td>6:00 \u2013 12:00<\/td><\/tr><tr><td class=\"has-text-align-right\" data-align=\"right\">Szombat:<\/td><td>6:00 \u2013 12:00<\/td><\/tr><tr><td class=\"has-text-align-right\" data-align=\"right\">Vas\u00e1rnap:<\/td><td>Z\u00c1RVA<\/td><\/tr><\/tbody><\/table><\/figure>\n<\/div>\n<\/div>\n\n\n\n<p class=\"has-text-align-center\"><i class=\"fas fa-location-dot\"><\/i> 3931 Mez\u0151zombor, \u00c1rp\u00e1d utca 33.<\/p>\n\n\n\n<p class=\"has-text-align-center\"><iframe src=\"https:\/\/www.google.com\/maps\/embed?pb=!1m18!1m12!1m3!1d2661.7789989423363!2d21.25740607614047!3d48.1530657500831!2m3!1f0!2f0!3f0!3m2!1i1024!2i768!4f13.1!3m3!1m2!1s0x473f52504688c4cd%3A0x23fdaf8e19c0199b!2zTWV6xZF6b21ib3IsIMOBcnDDoWQgdS4gMzMsIDM5MzE!5e0!3m2!1shu!2shu!4v1697098083889!5m2!1shu!2shu\" width=\"600\" height=\"450\" style=\"border:0;\" allowfullscreen=\"\" loading=\"lazy\" referrerpolicy=\"no-referrer-when-downgrade\"><\/iframe><\/p>\n","protected":false},"excerpt":{"rendered":"<p>Kapcsolattart\u00f3:Kahanyecz Enik\u0151 El\u00e9rhet\u0151s\u00e9gek +36-47\/369-128 Nyitvatart\u00e1s H\u00e9tf\u0151: 6:00 \u2013 12:00 Kedd: 6:00 \u2013 12:00 Szerda: 6:00 \u2013 12:00 Cs\u00fct\u00f6rt\u00f6k: 6:00 \u2013&hellip;<\/p>\n","protected":false},"author":1,"featured_media":0,"parent":0,"menu_order":0,"comment_status":"closed","ping_status":"closed","template":"","meta":{"footnotes":""},"class_list":["post-1059","page","type-page","status-publish","hentry"],"_links":{"self":[{"href":"https:\/\/mezozombor.hu\/index.php?rest_route=\/wp\/v2\/pages\/1059","targetHints":{"allow":["GET"]}}],"collection":[{"href":"https:\/\/mezozombor.hu\/index.php?rest_route=\/wp\/v2\/pages"}],"about":[{"href":"https:\/\/mezozombor.hu\/index.php?rest_route=\/wp\/v2\/types\/page"}],"author":[{"embeddable":true,"href":"https:\/\/mezozombor.hu\/index.php?rest_route=\/wp\/v2\/users\/1"}],"replies":[{"embeddable":true,"href":"https:\/\/mezozombor.hu\/index.php?rest_route=%2Fwp%2Fv2%2Fcomments&post=1059"}],"version-history":[{"count":1,"href":"https:\/\/mezozombor.hu\/index.php?rest_route=\/wp\/v2\/pages\/1059\/revisions"}],"predecessor-version":[{"id":1060,"href":"https:\/\/mezozombor.hu\/index.php?rest_route=\/wp\/v2\/pages\/1059\/revisions\/1060"}],"wp:attachment":[{"href":"https:\/\/mezozombor.hu\/index.php?rest_route=%2Fwp%2Fv2%2Fmedia&parent=1059"}],"curies":[{"name":"wp","href":"https:\/\/api.w.org\/{rel}","templated":true}]}}