{"id":1050,"date":"2026-01-20T12:11:10","date_gmt":"2026-01-20T11:11:10","guid":{"rendered":"https:\/\/mezozombor.hu\/?page_id=1050"},"modified":"2026-01-20T12:11:10","modified_gmt":"2026-01-20T11:11:10","slug":"telepulesuzemeltetesi-iroda","status":"publish","type":"page","link":"https:\/\/mezozombor.hu\/?page_id=1050","title":{"rendered":"Telep\u00fcl\u00e9s\u00fczemeltet\u00e9si Iroda"},"content":{"rendered":"\n<div class=\"wp-block-group\"><div class=\"wp-block-group__inner-container is-layout-constrained wp-block-group-is-layout-constrained\">\n<p class=\"has-text-align-center has-large-font-size\"><strong>Vezet\u0151:<br>Pristy\u00e1k P\u00e9ter<\/strong><\/p>\n\n\n\n<div class=\"wp-block-columns is-layout-flex wp-container-core-columns-is-layout-9d6595d7 wp-block-columns-is-layout-flex\">\n<div class=\"wp-block-column is-layout-flow wp-block-column-is-layout-flow\">\n<p class=\"has-text-align-center has-medium-font-size\"><strong>El\u00e9rhet\u0151s\u00e9gek<\/strong><\/p>\n\n\n\n<figure class=\"wp-block-table aligncenter is-style-stripes\"><table><tbody><tr><td>&nbsp;<i class=\"fas fa-phone\"><\/i><\/td><td>+36-47\/777-563<\/td><\/tr><tr><td><i class=\"fas fa-at\"><\/i><\/td><td><a href=\"mailto:telepulesuzemeltetesi.iroda@gmail.com\">telepulesuzemeltetesi.iroda@gmail.com<\/a><\/td><\/tr><tr><td><i class=\"fas fa-at\"><\/i><\/td><td><a href=\"mailto:t.uzemeltetes@gmail.com\">t.uzemeltetes@gmail.com<\/a><\/td><\/tr><\/tbody><\/table><\/figure>\n<\/div>\n\n\n\n<div class=\"wp-block-column is-layout-flow wp-block-column-is-layout-flow\">\n<p class=\"has-text-align-center has-medium-font-size\"><strong>\u00dcgyf\u00e9lfogad\u00e1s<\/strong><\/p>\n\n\n\n<figure class=\"wp-block-table aligncenter is-style-stripes\"><table><tbody><tr><td class=\"has-text-align-right\" data-align=\"right\">H\u00e9tf\u0151:<\/td><td>8:00 \u2013 12:00<\/td><\/tr><tr><td class=\"has-text-align-right\" data-align=\"right\">Szerda:<\/td><td>8:00 \u2013 12:00<\/td><\/tr><tr><td class=\"has-text-align-right\" data-align=\"right\">P\u00e9ntek:<\/td><td>8:00 \u2013 12:00<\/td><\/tr><\/tbody><\/table><\/figure>\n<\/div>\n<\/div>\n\n\n\n<p class=\"has-text-align-center\"><i class=\"fas fa-location-dot\"><\/i> 3931 Mez\u0151zombor, R\u00e1k\u00f3czi utca 38.<\/p>\n\n\n\n<p class=\"has-text-align-center\"><iframe src=\"https:\/\/www.google.com\/maps\/embed?pb=!1m18!1m12!1m3!1d2661.9862272128803!2d21.259596876140254!3d48.14907075036124!2m3!1f0!2f0!3f0!3m2!1i1024!2i768!4f13.1!3m3!1m2!1s0x473f5253ffa15921%3A0x6418c605f46b5b65!2zTWV6xZF6b21ib3IsIFLDoWvDs2N6aSB1LiAzOCwgMzkzMQ!5e0!3m2!1shu!2shu!4v1697095695448!5m2!1shu!2shu\" width=\"600\" height=\"450\" style=\"border:0;\" allowfullscreen=\"\" loading=\"lazy\" referrerpolicy=\"no-referrer-when-downgrade\"><\/iframe><\/p>\n<\/div><\/div>\n","protected":false},"excerpt":{"rendered":"<p>Vezet\u0151:Pristy\u00e1k P\u00e9ter El\u00e9rhet\u0151s\u00e9gek &nbsp; +36-47\/777-563 telepulesuzemeltetesi.iroda@gmail.com t.uzemeltetes@gmail.com \u00dcgyf\u00e9lfogad\u00e1s H\u00e9tf\u0151: 8:00 \u2013 12:00 Szerda: 8:00 \u2013 12:00 P\u00e9ntek: 8:00 \u2013 12:00&hellip;<\/p>\n","protected":false},"author":1,"featured_media":0,"parent":0,"menu_order":0,"comment_status":"closed","ping_status":"closed","template":"","meta":{"footnotes":""},"class_list":["post-1050","page","type-page","status-publish","hentry"],"_links":{"self":[{"href":"https:\/\/mezozombor.hu\/index.php?rest_route=\/wp\/v2\/pages\/1050","targetHints":{"allow":["GET"]}}],"collection":[{"href":"https:\/\/mezozombor.hu\/index.php?rest_route=\/wp\/v2\/pages"}],"about":[{"href":"https:\/\/mezozombor.hu\/index.php?rest_route=\/wp\/v2\/types\/page"}],"author":[{"embeddable":true,"href":"https:\/\/mezozombor.hu\/index.php?rest_route=\/wp\/v2\/users\/1"}],"replies":[{"embeddable":true,"href":"https:\/\/mezozombor.hu\/index.php?rest_route=%2Fwp%2Fv2%2Fcomments&post=1050"}],"version-history":[{"count":1,"href":"https:\/\/mezozombor.hu\/index.php?rest_route=\/wp\/v2\/pages\/1050\/revisions"}],"predecessor-version":[{"id":1051,"href":"https:\/\/mezozombor.hu\/index.php?rest_route=\/wp\/v2\/pages\/1050\/revisions\/1051"}],"wp:attachment":[{"href":"https:\/\/mezozombor.hu\/index.php?rest_route=%2Fwp%2Fv2%2Fmedia&parent=1050"}],"curies":[{"name":"wp","href":"https:\/\/api.w.org\/{rel}","templated":true}]}}