{"id":1033,"date":"2026-01-20T11:54:03","date_gmt":"2026-01-20T10:54:03","guid":{"rendered":"https:\/\/mezozombor.hu\/?page_id=1033"},"modified":"2026-01-20T12:00:13","modified_gmt":"2026-01-20T11:00:13","slug":"mezozombor-polgarmesteri-hivatal","status":"publish","type":"page","link":"https:\/\/mezozombor.hu\/?page_id=1033","title":{"rendered":"Mez\u0151zombor Polg\u00e1rmesteri Hivatal"},"content":{"rendered":"\n<div class=\"wp-block-columns is-layout-flex wp-container-core-columns-is-layout-9d6595d7 wp-block-columns-is-layout-flex\">\n<div class=\"wp-block-column is-layout-flow wp-block-column-is-layout-flow\">\n<p class=\"has-text-align-center has-large-font-size\"><strong>El\u00e9rhet\u0151s\u00e9gek<\/strong><\/p>\n\n\n\n<figure class=\"wp-block-table aligncenter is-style-stripes\"><table><tbody><tr><td>&nbsp;<i class=\"fas fa-phone\"><\/i><\/td><td>+36-47\/369-128<\/td><\/tr><tr><td>&nbsp;<i class=\"fas fa-phone\"><\/i><\/td><td>+36-20\/207-3932<\/td><\/tr><tr><td><i class=\"fas fa-at\"><\/i>&nbsp;<\/td><td><a href=\"mailto:jegyzo@mezozombor.hu\">jegyzo@mezozombor.hu<\/a><\/td><\/tr><tr><td><i class=\"fas fa-at\"><\/i>&nbsp;<\/td><td><a href=\"mailto:polgarmester@mezozombor.hu\">polgarmester@mezozombor.hu<\/a><\/td><\/tr><tr><td><i class=\"fas fa-at\"><\/i>&nbsp;<\/td><td><a href=\"mailto:hivatal@mezozombor.hu\">hivatal@mezozombor.hu<\/a><\/td><\/tr><\/tbody><\/table><\/figure>\n<\/div>\n\n\n\n<div class=\"wp-block-column is-layout-flow wp-block-column-is-layout-flow\">\n<p class=\"has-text-align-center has-large-font-size\"><strong>\u00dcgyf\u00e9lfogad\u00e1s<\/strong><\/p>\n\n\n\n<figure class=\"wp-block-table aligncenter is-style-stripes\"><table><tbody><tr><td>H\u00e9tf\u0151:<\/td><td>8:00 \u2013 15:00<\/td><\/tr><tr><td>Kedd:<\/td><td>8:00 \u2013 15:00<\/td><\/tr><tr><td>P\u00e9ntek:<\/td><td>8:00 \u2013 12:00<\/td><\/tr><\/tbody><\/table><\/figure>\n\n\n\n<p class=\"has-text-align-center\"><strong>Polg\u00e1rmester \u00fcgyf\u00e9lfogad\u00e1si id\u0151<\/strong><\/p>\n\n\n\n<figure class=\"wp-block-table aligncenter is-style-stripes\"><table><tbody><tr><td>H\u00e9tf\u0151:<\/td><td>8:00 \u2013 15:00<\/td><\/tr><\/tbody><\/table><\/figure>\n<\/div>\n<\/div>\n\n\n\n<p class=\"has-text-align-center\"><i class=\"fas fa-location-dot\"><\/i> 3931 Mez\u0151zombor, \u00c1rp\u00e1d utca 11.<\/p>\n\n\n\n<p class=\"has-text-align-center\"><iframe src=\"https:\/\/www.google.com\/maps\/embed?pb=!1m18!1m12!1m3!1d2661.7695527595956!2d21.2536704761405!3d48.15324785007048!2m3!1f0!2f0!3f0!3m2!1i1024!2i768!4f13.1!3m3!1m2!1s0x473f524fade1d7d1%3A0x5c16200c40d6c752!2sPolg%C3%A1rmesteri%20Hivatal%20Mez%C5%91zombor!5e0!3m2!1shu!2shu!4v1697026674822!5m2!1shu!2shu\" width=\"600\" height=\"450\" style=\"border:0;\" allowfullscreen=\"\" loading=\"lazy\" referrerpolicy=\"no-referrer-when-downgrade\"><\/iframe><\/p>\n","protected":false},"excerpt":{"rendered":"<p>El\u00e9rhet\u0151s\u00e9gek &nbsp; +36-47\/369-128 &nbsp; +36-20\/207-3932 &nbsp; jegyzo@mezozombor.hu &nbsp; polgarmester@mezozombor.hu &nbsp; hivatal@mezozombor.hu \u00dcgyf\u00e9lfogad\u00e1s H\u00e9tf\u0151: 8:00 \u2013 15:00 Kedd: 8:00 \u2013 15:00&hellip;<\/p>\n","protected":false},"author":1,"featured_media":0,"parent":0,"menu_order":0,"comment_status":"closed","ping_status":"closed","template":"","meta":{"footnotes":""},"class_list":["post-1033","page","type-page","status-publish","hentry"],"_links":{"self":[{"href":"https:\/\/mezozombor.hu\/index.php?rest_route=\/wp\/v2\/pages\/1033","targetHints":{"allow":["GET"]}}],"collection":[{"href":"https:\/\/mezozombor.hu\/index.php?rest_route=\/wp\/v2\/pages"}],"about":[{"href":"https:\/\/mezozombor.hu\/index.php?rest_route=\/wp\/v2\/types\/page"}],"author":[{"embeddable":true,"href":"https:\/\/mezozombor.hu\/index.php?rest_route=\/wp\/v2\/users\/1"}],"replies":[{"embeddable":true,"href":"https:\/\/mezozombor.hu\/index.php?rest_route=%2Fwp%2Fv2%2Fcomments&post=1033"}],"version-history":[{"count":10,"href":"https:\/\/mezozombor.hu\/index.php?rest_route=\/wp\/v2\/pages\/1033\/revisions"}],"predecessor-version":[{"id":1044,"href":"https:\/\/mezozombor.hu\/index.php?rest_route=\/wp\/v2\/pages\/1033\/revisions\/1044"}],"wp:attachment":[{"href":"https:\/\/mezozombor.hu\/index.php?rest_route=%2Fwp%2Fv2%2Fmedia&parent=1033"}],"curies":[{"name":"wp","href":"https:\/\/api.w.org\/{rel}","templated":true}]}}